{"id":164,"date":"2014-07-13T19:45:30","date_gmt":"2014-07-13T19:45:30","guid":{"rendered":"http:\/\/wp.taunus-schule.de\/?page_id=164"},"modified":"2014-07-13T19:45:30","modified_gmt":"2014-07-13T19:45:30","slug":"foerderschule","status":"publish","type":"page","link":"https:\/\/wp.taunus-schule.de\/?page_id=164","title":{"rendered":"F\u00f6rderschule"},"content":{"rendered":"<div id=\"siteSub\">aus Wikipedia, der freien Enzyklop\u00e4die<\/div>\n<p>Eine <b>F\u00f6rderschule<\/b> \u2013 auch <b>Sonderschule<\/b>, <b>F\u00f6rderzentrum<\/b> oder <b>Schule mit sonderp\u00e4dagogischem F\u00f6rderschwerpunkt<\/b> \u2013 ist in Deutschland eine <a title=\"Schule\" href=\"http:\/\/de.wikipedia.org\/wiki\/Schule\">Schule<\/a> f\u00fcr Kinder und Jugendliche, die in ihren Bildungs-, Entwicklungs- und Lernm\u00f6glichkeiten mehr oder weniger schwer beeintr\u00e4chtigt sind (z.\u00a0B. durch eine <a title=\"Lernbehinderung\" href=\"http:\/\/de.wikipedia.org\/wiki\/Lernbehinderung\">Lern-<\/a> oder <a title=\"Geistige Behinderung\" href=\"http:\/\/de.wikipedia.org\/wiki\/Geistige_Behinderung\">geistige Behinderung<\/a>, durch <a title=\"K\u00f6rperbehinderung\" href=\"http:\/\/de.wikipedia.org\/wiki\/K%C3%B6rperbehinderung\">k\u00f6rperliche<\/a> Behinderungen, selten durch langfristige Erkrankung).<sup id=\"cite_ref-kmk.org_1-0\" class=\"reference\"><a href=\"http:\/\/de.wikipedia.org\/w\/index.php?title=F%C3%B6rderschule_%28Deutschland%29&amp;printable=yes#cite_note-kmk.org-1\">[1]<\/a><\/sup> Verschiedene F\u00f6rderschultypen bieten dabei einen <a title=\"Sonderp\u00e4dagogik\" href=\"http:\/\/de.wikipedia.org\/wiki\/Sonderp%C3%A4dagogik\">sonderp\u00e4dagogischen<\/a> Unterricht, der speziell auf die jeweiligen Beeintr\u00e4chtigungen zugeschnitten ist. Er soll den Kindern eine bessere Entwicklung erm\u00f6glichen, als sie ohne solche passende Unterst\u00fctzung an einer <a title=\"Regelschule\" href=\"http:\/\/de.wikipedia.org\/wiki\/Regelschule\">normalen Schule<\/a> erreichbar w\u00e4re. Insgesamt gab es 2007 in Deutschland etwa 430.000 Sch\u00fcler an F\u00f6rderschulen, das sind etwa 4,5\u00a0% aller Sch\u00fcler in Deutschland.<sup id=\"cite_ref-2\" class=\"reference\"><a href=\"http:\/\/de.wikipedia.org\/w\/index.php?title=F%C3%B6rderschule_%28Deutschland%29&amp;printable=yes#cite_note-2\">[2]<\/a><\/sup><\/p>\n<p>F\u00f6rderschulen sind umstritten. Das Hauptargument der Kritiker ist, dass sie ihr Ziel verfehlten, weil die betroffenen Sch\u00fcler an Regelschulen bessere Leistungen erzielten.<sup id=\"cite_ref-3\" class=\"reference\"><a href=\"http:\/\/de.wikipedia.org\/w\/index.php?title=F%C3%B6rderschule_%28Deutschland%29&amp;printable=yes#cite_note-3\">[3]<\/a><\/sup> Sie fordern stattdessen ein <a title=\"Integrative P\u00e4dagogik\" href=\"http:\/\/de.wikipedia.org\/wiki\/Integrative_P%C3%A4dagogik\">integratives<\/a> oder <a title=\"Inklusive P\u00e4dagogik\" href=\"http:\/\/de.wikipedia.org\/wiki\/Inklusive_P%C3%A4dagogik\">inklusives Bildungssystem<\/a>.<sup id=\"cite_ref-4\" class=\"reference\"><a href=\"http:\/\/de.wikipedia.org\/w\/index.php?title=F%C3%B6rderschule_%28Deutschland%29&amp;printable=yes#cite_note-4\">[4]<\/a><\/sup> Die Kritiker sehen sich in ihren Zielen durch die <a class=\"mw-redirect\" title=\"UN-Behindertenrechtskonvention\" href=\"http:\/\/de.wikipedia.org\/wiki\/UN-Behindertenrechtskonvention\">UN-Behindertenrechtskonvention<\/a> von 2009 best\u00e4tigt, die ein <i>inclusive education system<\/i> (offizielle \u00dcbersetzung: <i>integratives Bildungssystem<\/i>) vorschreibt. Bef\u00fcrworter der F\u00f6rderschulen entgegnen, dass man sie erhalten sollte, weil es immer Sch\u00fcler geben werde, die dort am besten gef\u00f6rdert werden k\u00f6nnten. Au\u00dferdem sei zu erwarten, dass Regellehrer zu Sparzwecken immer mehr die sonderp\u00e4dagogische F\u00f6rderung selbst zu \u00fcbernehmen h\u00e4tten, und ein Stellenabbau bei <a title=\"Sonderp\u00e4dagoge\" href=\"http:\/\/de.wikipedia.org\/wiki\/Sonderp%C3%A4dagoge\">Sonderp\u00e4dagogen<\/a> einsetzen w\u00fcrde. Zudem sei die besonders relevante Gruppe der verhaltensauff\u00e4lligen und der lernbehinderten Kinder der st\u00e4ndigen belastenden Erfahrung des Scheiterns ausgesetzt. Gleichzeitig drohten durch sie St\u00f6rung und Verlangsamung des Unterrichts, wodurch ein allgemeiner Niveauverlust zu bef\u00fcrchten sei. Der Minimalkonsens ist, dass eine Abschaffung der F\u00f6rderschulen f\u00fcr Sch\u00fcler mit lediglich k\u00f6rperlichen Behinderungen zugunsten des gemeinsamen Unterrichts an der Regelschule w\u00fcnschenswert ist.<sup id=\"cite_ref-5\" class=\"reference\"><a href=\"http:\/\/de.wikipedia.org\/w\/index.php?title=F%C3%B6rderschule_%28Deutschland%29&amp;printable=yes#cite_note-5\">[5]<\/a><\/sup><\/p>\n<p><a href=\"https:\/\/wp.taunus-schule.de\/wp-content\/uploads\/2014\/07\/1639px-Deutsches_Bildungssystem-quer.svg_.png\"><img loading=\"lazy\" decoding=\"async\" class=\"aligncenter size-large wp-image-165\" src=\"https:\/\/wp.taunus-schule.de\/wp-content\/uploads\/2014\/07\/1639px-Deutsches_Bildungssystem-quer.svg_-1024x334.png\" alt=\"1639px-Deutsches_Bildungssystem-quer.svg\" width=\"550\" height=\"179\" srcset=\"https:\/\/wp.taunus-schule.de\/wp-content\/uploads\/2014\/07\/1639px-Deutsches_Bildungssystem-quer.svg_-1024x334.png 1024w, https:\/\/wp.taunus-schule.de\/wp-content\/uploads\/2014\/07\/1639px-Deutsches_Bildungssystem-quer.svg_-300x98.png 300w, https:\/\/wp.taunus-schule.de\/wp-content\/uploads\/2014\/07\/1639px-Deutsches_Bildungssystem-quer.svg_-100x32.png 100w, https:\/\/wp.taunus-schule.de\/wp-content\/uploads\/2014\/07\/1639px-Deutsches_Bildungssystem-quer.svg_-150x49.png 150w, https:\/\/wp.taunus-schule.de\/wp-content\/uploads\/2014\/07\/1639px-Deutsches_Bildungssystem-quer.svg_-200x65.png 200w, https:\/\/wp.taunus-schule.de\/wp-content\/uploads\/2014\/07\/1639px-Deutsches_Bildungssystem-quer.svg_-450x147.png 450w, https:\/\/wp.taunus-schule.de\/wp-content\/uploads\/2014\/07\/1639px-Deutsches_Bildungssystem-quer.svg_-600x196.png 600w, https:\/\/wp.taunus-schule.de\/wp-content\/uploads\/2014\/07\/1639px-Deutsches_Bildungssystem-quer.svg_-900x294.png 900w, https:\/\/wp.taunus-schule.de\/wp-content\/uploads\/2014\/07\/1639px-Deutsches_Bildungssystem-quer.svg_.png 1639w\" sizes=\"auto, (max-width: 550px) 100vw, 550px\" \/><\/a><\/p>\n<h2><span id=\"Begriffsentwicklung\" class=\"mw-headline\">Begriffsentwicklung<\/span><\/h2>\n<p>In der Umgangssprache findet sich heute oft noch die Bezeichnung <i>Sonderschule<\/i>, teilweise noch die historische Bezeichnung <i>Hilfsschule<\/i>. Letztere wird amtlich nicht mehr verwendet. Da in Deutschland das Bildungswesen im Zuge der <a class=\"mw-redirect\" title=\"Kulturhoheit\" href=\"http:\/\/de.wikipedia.org\/wiki\/Kulturhoheit\">Kulturhoheit<\/a> in der Verantwortung der <a title=\"Land (Deutschland)\" href=\"http:\/\/de.wikipedia.org\/wiki\/Land_%28Deutschland%29\">L\u00e4nder<\/a> liegt, werden amtlich unterschiedliche Bezeichnungen benutzt: so in einigen Bundesl\u00e4ndern wie Baden-W\u00fcrttemberg die Bezeichnung <i>Sonderschule<\/i>.<\/p>\n<p>Durch die Umbenennung der fr\u00fcheren <i>Hilfsschulen<\/i> in <i>Sonderschulen f\u00fcr Lernhilfe<\/i> oder <i>F\u00f6rderschulen<\/i> sollte unter anderem der zunehmenden Stigmatisierung der Sch\u00fcler als \u201eausgesonderte\u201c Menschen entgegengetreten werden. Seit Mitte der 1990er Jahre gingen viele L\u00e4nder dazu \u00fcber, den Begriff <i>Sonderschule<\/i> bei allen Sonderschulformen durch andere Begriffe wie <i>F\u00f6rderschule<\/i> oder <i>Schule mit sonderp\u00e4dagogischem F\u00f6rderschwerpunkt<\/i> zu ersetzen. Mit dem Begriff <i>F\u00f6rderung<\/i> soll deutlich gemacht werden, dass die Schulen bestrebt sind, Beeintr\u00e4chtigungen bzw. <a title=\"Vulgo\" href=\"http:\/\/de.wikipedia.org\/wiki\/Vulgo\">vulgo<\/a> <a title=\"Behinderung\" href=\"http:\/\/de.wikipedia.org\/wiki\/Behinderung\">Behinderungen<\/a> abzubauen und zu kompensieren. Demnach gen\u00fcgt es nicht, einem Sch\u00fcler die Nicht-Eignung f\u00fcr die allgemeine Schule zu attestieren. Vielmehr ist es notwendig, durch eine eingehende und begleitende <a class=\"new\" title=\"F\u00f6rderdiagnostik (Seite nicht vorhanden)\" href=\"http:\/\/de.wikipedia.org\/w\/index.php?title=F%C3%B6rderdiagnostik&amp;action=edit&amp;redlink=1\">F\u00f6rderdiagnostik<\/a> eine geeignete (sonder)p\u00e4dagogische F\u00f6rderung zu finden. Allerdings liegt bei den mehrfachen Umbenennungen auch der Gedanke an eine <a title=\"Euphemismus-Tretm\u00fchle\" href=\"http:\/\/de.wikipedia.org\/wiki\/Euphemismus-Tretm%C3%BChle\">Euphemismus-Tretm\u00fchle<\/a> nicht fern.<\/p>\n<h2><span id=\"Spezifische_F.C3.B6rderung_und_Integration\" class=\"mw-headline\">Spezifische F\u00f6rderung und Integration<\/span><\/h2>\n<p>Fr\u00fcher stand der Gedanke im Vordergrund, auch behinderte Kinder h\u00e4tten ein Recht auf schulische Bildung, und durch spezielle Einrichtungen m\u00fcssten dieses Recht wie auch die Erf\u00fcllung der <a title=\"Schulpflicht\" href=\"http:\/\/de.wikipedia.org\/wiki\/Schulpflicht\">Schulpflicht<\/a> garantiert werden. Dass auch schwerstbehinderte Kinder nicht \u201eausgeschult\u201c werden, gilt heute als Selbstverst\u00e4ndlichkeit.<\/p>\n<p>Systemische Grundlage f\u00fcr die Aufnahme beziehungsweise \u00dcberweisung eines Kindes in eine F\u00f6rderschule ist die Feststellung eines spezifischen <a title=\"Sonderp\u00e4dagogik\" href=\"http:\/\/de.wikipedia.org\/wiki\/Sonderp%C3%A4dagogik\">sonderp\u00e4dagogischen<\/a> F\u00f6rderbedarfs nach einem von den L\u00e4ndern gesetzlich geregelten Verfahren. Der F\u00f6rderbedarf orientiert sich an Art und Umfang der <a title=\"Behinderung\" href=\"http:\/\/de.wikipedia.org\/wiki\/Behinderung\">Behinderung<\/a> oder Erkrankung. Dem festgestellten F\u00f6rderbedarf kann grunds\u00e4tzlich in einer F\u00f6rderschule oder auch durch <a title=\"Schulische Integration\" href=\"http:\/\/de.wikipedia.org\/wiki\/Schulische_Integration\">Integration in einer allgemeinen Schule<\/a> entsprochen werden. In einigen Bundesl\u00e4ndern gibt es ein weitgehendes Wahlrecht der Eltern zwischen beiden Formen. Einer in Teilen h\u00e4ufig qualitativ und quantitativ besseren technischen und p\u00e4dagogischen Ausstattung der F\u00f6rderschulen steht die M\u00f6glichkeit einer besseren <a title=\"Integration (Soziologie)\" href=\"http:\/\/de.wikipedia.org\/wiki\/Integration_%28Soziologie%29\">gesellschaftlich-sozialen Integration<\/a> und ausgewogenerer Bildung des Kindes in einer allgemeinen Schule gegen\u00fcber. Bei einer <i>Zuweisung<\/i> eines Sch\u00fclers zu einer F\u00f6rderschule wird davon ausgegangen, dass <a title=\"Barrierefreiheit\" href=\"http:\/\/de.wikipedia.org\/wiki\/Barrierefreiheit\">Barrieren<\/a>, die mit dem Besuch in Regelschulen verbunden sind, nicht mit vertretbarem Aufwand beseitigt werden k\u00f6nnen.<\/p>\n<p>Um bei der sonderp\u00e4dagogischen F\u00f6rderung in der allgemeinen Schule p\u00e4dagogisches <a title=\"Know-how\" href=\"http:\/\/de.wikipedia.org\/wiki\/Know-how\">Know-how<\/a> zu konzentrieren, sind so genannte Integrationsschulen entstanden; das sind Schulen, in denen in mehreren Klassen h\u00e4ufig auch zwei oder drei behinderte Kinder teilweise oder komplett am Unterricht teilnehmen.<\/p>\n<h2><span id=\"F.C3.B6rderzentrum_und_mobiler_Dienst\" class=\"mw-headline\">F\u00f6rderzentrum und mobiler Dienst<\/span><\/h2>\n<p>Der Begriff F\u00f6rderzentrum hat in der Fachliteratur noch keine einheitliche <a title=\"Definition\" href=\"http:\/\/de.wikipedia.org\/wiki\/Definition\">Definition<\/a>. Eine F\u00f6rderschule kann ein F\u00f6rderzentrum sein ohne diesen Namen zu tragen.<\/p>\n<p>F\u00f6rderzentren sind h\u00e4ufig aus Sonderschulen entstanden, indem der Aufgabenbereich der Schulen \u201enach au\u00dfen\u201c erweitert wurde. Die <a title=\"Sonderschullehrer\" href=\"http:\/\/de.wikipedia.org\/wiki\/Sonderschullehrer\">Sonderschullehrer<\/a> des F\u00f6rderzentrums sind nun nicht mehr nur f\u00fcr den Unterricht an der F\u00f6rderschule und die Betreuung der Sch\u00fcler mit Behinderung dort zust\u00e4ndig, sondern zus\u00e4tzlich f\u00fcr die Betreuung der Sch\u00fcler mit Behinderung in allgemeinen Schulen.<\/p>\n<p>Diese Form der Betreuung wird durch den mobilen Dienst gew\u00e4hrleistet. Sonderschullehrer suchen die Sch\u00fcler mit Behinderung ihrer Schule auf, beraten die Lehrer dort und unterst\u00fctzen die Sch\u00fcler. Mobiler Dienst wird von vielen F\u00f6rderzentren, aber auch von F\u00f6rderschulen verschiedenster Fachrichtungen angeboten.<\/p>\n<h2><span id=\"F.C3.B6rderschultypen_im_.C3.9Cberblick\" class=\"mw-headline\">F\u00f6rderschultypen im \u00dcberblick<\/span><\/h2>\n<p>Man unterscheidet folgende Schultypen, die auf den jeweiligen F\u00f6rderbedarf gezielt eingehen k\u00f6nnen, wobei nicht alle Schultypen in allen L\u00e4ndern eingerichtet sind oder auch anders benannt werden:<\/p>\n<ul>\n<li>F\u00f6rderschule Schwerpunkt <a title=\"Emotion\" href=\"http:\/\/de.wikipedia.org\/wiki\/Emotion\">emotionale<\/a> und <a title=\"Sozial\" href=\"http:\/\/de.wikipedia.org\/wiki\/Sozial\">soziale<\/a> <a title=\"Entwicklung\" href=\"http:\/\/de.wikipedia.org\/wiki\/Entwicklung\">Entwicklung<\/a> (fr\u00fcher Schule f\u00fcr Erziehungshilfen o.\u00e4.)<\/li>\n<li>F\u00f6rderschule f\u00fcr <a title=\"Blindheit\" href=\"http:\/\/de.wikipedia.org\/wiki\/Blindheit\">Blinde<\/a><\/li>\n<li>F\u00f6rderschule f\u00fcr <a title=\"Sehbehinderung\" href=\"http:\/\/de.wikipedia.org\/wiki\/Sehbehinderung\">Sehbehinderte<\/a><\/li>\n<li>Schule mit dem F\u00f6rderschwerpunkt <a title=\"Geistige Behinderung\" href=\"http:\/\/de.wikipedia.org\/wiki\/Geistige_Behinderung\">Geistige Entwicklung<\/a><\/li>\n<li>F\u00f6rderschule f\u00fcr <a class=\"mw-redirect\" title=\"Geh\u00f6rlose\" href=\"http:\/\/de.wikipedia.org\/wiki\/Geh%C3%B6rlose\">Geh\u00f6rlose<\/a><\/li>\n<li>F\u00f6rderschule f\u00fcr <a title=\"Schwerh\u00f6rigkeit\" href=\"http:\/\/de.wikipedia.org\/wiki\/Schwerh%C3%B6rigkeit\">Schwerh\u00f6rige<\/a><\/li>\n<li>F\u00f6rderschule f\u00fcr <a title=\"K\u00f6rperbehinderung\" href=\"http:\/\/de.wikipedia.org\/wiki\/K%C3%B6rperbehinderung\">K\u00f6rperbehinderte<\/a><\/li>\n<li>F\u00f6rderschule f\u00fcr <a title=\"Lernbehinderung\" href=\"http:\/\/de.wikipedia.org\/wiki\/Lernbehinderung\">Lernbehinderte<\/a><\/li>\n<li>F\u00f6rderschule f\u00fcr <a title=\"Sprachbehinderung\" href=\"http:\/\/de.wikipedia.org\/wiki\/Sprachbehinderung\">Sprachbehinderte<\/a><\/li>\n<li>F\u00f6rderschule f\u00fcr <a class=\"mw-redirect\" title=\"Taubblinde\" href=\"http:\/\/de.wikipedia.org\/wiki\/Taubblinde\">Taubblinde<\/a><\/li>\n<li>Schule f\u00fcr Kranke bzw. Kinder in l\u00e4ngerer <a title=\"Krankenhaus\" href=\"http:\/\/de.wikipedia.org\/wiki\/Krankenhaus\">Krankenhausbehandlung<\/a><\/li>\n<\/ul>\n<p>Die F\u00f6rderschulen f\u00fcr blinde und sehbehinderte Kinder und die F\u00f6rderschulen f\u00fcr geh\u00f6rlose und schwerh\u00f6rige Kinder (zusammengefasst als Schule f\u00fcr H\u00f6rgesch\u00e4digte) befinden sich oft unter einem Dach.<\/p>\n<p>Neben <a title=\"Allgemeinbildende Schule\" href=\"http:\/\/de.wikipedia.org\/wiki\/Allgemeinbildende_Schule\">allgemeinbildenden<\/a> F\u00f6rderschulen existieren auch verschiedene <a title=\"Berufsbildende Schule\" href=\"http:\/\/de.wikipedia.org\/wiki\/Berufsbildende_Schule\">berufsbildende<\/a> Schulen mit einem sonderp\u00e4dagogischen Schwerpunkt, sogenannte berufliche F\u00f6rderschulen (auch <i>Sonderberufsschulen<\/i>).<\/p>\n<p>Je nach Typ werden die Sch\u00fcler durch einen <a title=\"Sch\u00fclerspezialverkehr\" href=\"http:\/\/de.wikipedia.org\/wiki\/Sch%C3%BClerspezialverkehr\">Sch\u00fclerspezialverkehr<\/a> von und zur Schule gebracht.<\/p>\n<h3><span id=\"P.C3.A4dagogisch-audiologische_Beratungsstellen_an_F.C3.B6rderschulen_f.C3.BCr_h.C3.B6rgesch.C3.A4digte_Kinder\" class=\"mw-headline\">P\u00e4dagogisch-audiologische Beratungsstellen an F\u00f6rderschulen f\u00fcr h\u00f6rgesch\u00e4digte Kinder<\/span><\/h3>\n<p>P\u00e4dagogisch-audiologische Beratungsstellen dienen der Beratung von Eltern hinsichtlich einer vermuteten oder diagnostizierten H\u00f6rsch\u00e4digung bei ihrem Kind. Auf Wunsch kann bis zur Einschulung eine <a title=\"Fr\u00fchf\u00f6rderung\" href=\"http:\/\/de.wikipedia.org\/wiki\/Fr%C3%BChf%C3%B6rderung\">Fr\u00fchf\u00f6rderung<\/a> durchgef\u00fchrt werden.<\/p>\n","protected":false},"excerpt":{"rendered":"<p>aus Wikipedia, der freien Enzyklop\u00e4die Eine F\u00f6rderschule \u2013 auch Sonderschule, F\u00f6rderzentrum oder Schule mit sonderp\u00e4dagogischem F\u00f6rderschwerpunkt \u2013 ist in Deutschland eine Schule f\u00fcr Kinder und Jugendliche, die in ihren Bildungs-, Entwicklungs- und Lernm\u00f6glichkeiten mehr oder weniger schwer beeintr\u00e4chtigt sind (z.\u00a0B. durch eine Lern- oder geistige Behinderung, durch k\u00f6rperliche Behinderungen, selten durch langfristige Erkrankung).[1] Verschiedene F\u00f6rderschultypen [&hellip;]<\/p>\n","protected":false},"author":1,"featured_media":0,"parent":159,"menu_order":0,"comment_status":"closed","ping_status":"closed","template":"full-width-page.php","meta":{"footnotes":""},"class_list":["post-164","page","type-page","status-publish","hentry"],"_links":{"self":[{"href":"https:\/\/wp.taunus-schule.de\/index.php?rest_route=\/wp\/v2\/pages\/164","targetHints":{"allow":["GET"]}}],"collection":[{"href":"https:\/\/wp.taunus-schule.de\/index.php?rest_route=\/wp\/v2\/pages"}],"about":[{"href":"https:\/\/wp.taunus-schule.de\/index.php?rest_route=\/wp\/v2\/types\/page"}],"author":[{"embeddable":true,"href":"https:\/\/wp.taunus-schule.de\/index.php?rest_route=\/wp\/v2\/users\/1"}],"replies":[{"embeddable":true,"href":"https:\/\/wp.taunus-schule.de\/index.php?rest_route=%2Fwp%2Fv2%2Fcomments&post=164"}],"version-history":[{"count":1,"href":"https:\/\/wp.taunus-schule.de\/index.php?rest_route=\/wp\/v2\/pages\/164\/revisions"}],"predecessor-version":[{"id":166,"href":"https:\/\/wp.taunus-schule.de\/index.php?rest_route=\/wp\/v2\/pages\/164\/revisions\/166"}],"up":[{"embeddable":true,"href":"https:\/\/wp.taunus-schule.de\/index.php?rest_route=\/wp\/v2\/pages\/159"}],"wp:attachment":[{"href":"https:\/\/wp.taunus-schule.de\/index.php?rest_route=%2Fwp%2Fv2%2Fmedia&parent=164"}],"curies":[{"name":"wp","href":"https:\/\/api.w.org\/{rel}","templated":true}]}}