{"id":171,"date":"2014-07-13T20:27:11","date_gmt":"2014-07-13T20:27:11","guid":{"rendered":"http:\/\/wp.taunus-schule.de\/?page_id=171"},"modified":"2014-07-13T20:27:11","modified_gmt":"2014-07-13T20:27:11","slug":"schulwechsel-in-ein-anderes-land-der-brd","status":"publish","type":"page","link":"https:\/\/wp.taunus-schule.de\/?page_id=171","title":{"rendered":"Schulwechsel in ein anderes Land der BRD"},"content":{"rendered":"<p>Ein Schulwechsel aufgrund eines Umzugs in ein anderes Land der Bundesrepublik Deutschland wirft im Vorfeld viele Fragen auf. Um Betroffenen Hilfestellung zu geben, beschloss der Schulausschuss der KMK, dass die L\u00e4nder auf ihren Homepages entsprechende Informationen bereitstellen. Den Rheinland-pf\u00e4lzischen Beitrag finden Sie unter <a title=\"Schulwechsel nach Rheinland-Pfalz\" href=\"http:\/\/schulwechsel.bildung-rp.de\" target=\"_blank\">http:\/\/schulwechsel.bildung-rp.de<\/a>.<\/p>\n<p>Eine \u00dcbersicht \u00fcber die Beitr\u00e4ge aller 16 Bundesl\u00e4nder finden Sie auf den Seiten der KMK:<br \/>\n<a title=\"Schulwechsel \u00fcber L\u00e4ndergrenzen hinweg\" href=\"http:\/\/www.kmk.org\/bildung-schule\/allgemeine-bildung\/schulwechsel-ueber-laendergrenzen-hinweg.html\" target=\"_blank\">http:\/\/www.kmk.org\/bildung-schule\/allgemeine-bildung\/schulwechsel-ueber-laendergrenzen-hinweg.html<\/a><\/p>\n<p>Die Hinweise im Netz ersetzen nicht die Beratungsleistungen der Schulleitungen und der Schulaufsicht, sie k\u00f6nnen aber n\u00fctzliche Vorab-Informationen liefern und Besonderheiten des rheinland-pf\u00e4lzischen Bildungssystems aufzeigen.<\/p>\n","protected":false},"excerpt":{"rendered":"<p>Ein Schulwechsel aufgrund eines Umzugs in ein anderes Land der Bundesrepublik Deutschland wirft im Vorfeld viele Fragen auf. Um Betroffenen Hilfestellung zu geben, beschloss der Schulausschuss der KMK, dass die L\u00e4nder auf ihren Homepages entsprechende Informationen bereitstellen. Den Rheinland-pf\u00e4lzischen Beitrag finden Sie unter http:\/\/schulwechsel.bildung-rp.de. Eine \u00dcbersicht \u00fcber die Beitr\u00e4ge aller 16 Bundesl\u00e4nder finden Sie auf [&hellip;]<\/p>\n","protected":false},"author":1,"featured_media":0,"parent":159,"menu_order":3,"comment_status":"closed","ping_status":"closed","template":"full-width-page.php","meta":{"footnotes":""},"class_list":["post-171","page","type-page","status-publish","hentry"],"_links":{"self":[{"href":"https:\/\/wp.taunus-schule.de\/index.php?rest_route=\/wp\/v2\/pages\/171","targetHints":{"allow":["GET"]}}],"collection":[{"href":"https:\/\/wp.taunus-schule.de\/index.php?rest_route=\/wp\/v2\/pages"}],"about":[{"href":"https:\/\/wp.taunus-schule.de\/index.php?rest_route=\/wp\/v2\/types\/page"}],"author":[{"embeddable":true,"href":"https:\/\/wp.taunus-schule.de\/index.php?rest_route=\/wp\/v2\/users\/1"}],"replies":[{"embeddable":true,"href":"https:\/\/wp.taunus-schule.de\/index.php?rest_route=%2Fwp%2Fv2%2Fcomments&post=171"}],"version-history":[{"count":1,"href":"https:\/\/wp.taunus-schule.de\/index.php?rest_route=\/wp\/v2\/pages\/171\/revisions"}],"predecessor-version":[{"id":172,"href":"https:\/\/wp.taunus-schule.de\/index.php?rest_route=\/wp\/v2\/pages\/171\/revisions\/172"}],"up":[{"embeddable":true,"href":"https:\/\/wp.taunus-schule.de\/index.php?rest_route=\/wp\/v2\/pages\/159"}],"wp:attachment":[{"href":"https:\/\/wp.taunus-schule.de\/index.php?rest_route=%2Fwp%2Fv2%2Fmedia&parent=171"}],"curies":[{"name":"wp","href":"https:\/\/api.w.org\/{rel}","templated":true}]}}