{"id":238,"date":"2014-11-10T20:32:21","date_gmt":"2014-11-10T20:32:21","guid":{"rendered":"http:\/\/wp.taunus-schule.de\/?page_id=238"},"modified":"2020-08-31T10:44:33","modified_gmt":"2020-08-31T10:44:33","slug":"mittagessen","status":"publish","type":"page","link":"https:\/\/wp.taunus-schule.de\/?page_id=238","title":{"rendered":"Mittagessen"},"content":{"rendered":"<p><strong>Die Gastronomie der Stiftung Scheuern kocht f\u00fcr Sch\u00fcler der Taunus-Schule und der IGS in Nast\u00e4tten<\/strong><\/p>\n<p>Die Gastronomie der Stiftung Scheuern geh\u00f6rt zur Werkstatt f\u00fcr behinderte Menschen, die mit ihrem umfangreichen Speiseangebot nicht nur die Bewohner und Besch\u00e4ftigten der Einrichtung versorgt, sondern dar\u00fcber hinaus auch eine Vielzahl weiterer Kunden aus der hiesigen Region. Dies sind zum Beispiel Schulen, Kindertagesst\u00e4tten, Altenheime und Unternehmen, aber auch Privatpersonen, die gerne unseren Partyservice nutzen m\u00f6chten.<br \/>\nDas Essen f\u00fcr die Sch\u00fcler der Nicolaus-August-Otto-Schule und der Taunusschule in Nast\u00e4tten wird nach dem &#8222;Qualit\u00e4tsstandard f\u00fcr die Schulverpflegung&#8220; der Deutschen Gesellschaft f\u00fcr Ern\u00e4hrung e.V. (DGE) zubereitet. Die Gastronomie unterliegt einer st\u00e4ndigen \u00dcberwachung und Zertifizierung des Institutes Fresenius GmbH, Taunusstein.<\/p>\n<p>(Quelle: Homepage der NAO Nast\u00e4tten)<\/p>\n<p><a href=\"https:\/\/wp.taunus-schule.de\/wp-content\/uploads\/2014\/11\/Kennzeichnung-von-Allergenen.docx\">Kennzeichnung von Allergenen<\/a><\/p>\n<p><a href=\"https:\/\/wp.taunus-schule.de\/wp-content\/uploads\/2014\/11\/Kennzeichnung-von-Zusatzstoffen.doc\">Kennzeichnung von Zusatzstoffen<\/a><\/p>\n<p><a href=\"https:\/\/wp.taunus-schule.de\/wp-content\/uploads\/2019\/11\/Anleitung-Mensa-Max-\u00fcber-Computer.pdf\">Anleitung Mensa Max \u00fcber Computer<\/a><\/p>\n<p><a href=\"https:\/\/wp.taunus-schule.de\/wp-content\/uploads\/2019\/11\/Anleitung-Mensa-Max-\u00fcber-HandyaPP.pdf\">Anleitung Mensa Max \u00fcber HandyaPP<\/a><\/p>\n","protected":false},"excerpt":{"rendered":"<p>Die Gastronomie der Stiftung Scheuern kocht f\u00fcr Sch\u00fcler der Taunus-Schule und der IGS in Nast\u00e4tten Die Gastronomie der Stiftung Scheuern geh\u00f6rt zur Werkstatt f\u00fcr behinderte Menschen, die mit ihrem umfangreichen Speiseangebot nicht nur die Bewohner und Besch\u00e4ftigten der Einrichtung versorgt, sondern dar\u00fcber hinaus auch eine Vielzahl weiterer Kunden aus der hiesigen Region. Dies sind zum [&hellip;]<\/p>\n","protected":false},"author":2,"featured_media":0,"parent":39,"menu_order":0,"comment_status":"closed","ping_status":"closed","template":"full-width-page.php","meta":{"footnotes":""},"class_list":["post-238","page","type-page","status-publish","hentry"],"_links":{"self":[{"href":"https:\/\/wp.taunus-schule.de\/index.php?rest_route=\/wp\/v2\/pages\/238","targetHints":{"allow":["GET"]}}],"collection":[{"href":"https:\/\/wp.taunus-schule.de\/index.php?rest_route=\/wp\/v2\/pages"}],"about":[{"href":"https:\/\/wp.taunus-schule.de\/index.php?rest_route=\/wp\/v2\/types\/page"}],"author":[{"embeddable":true,"href":"https:\/\/wp.taunus-schule.de\/index.php?rest_route=\/wp\/v2\/users\/2"}],"replies":[{"embeddable":true,"href":"https:\/\/wp.taunus-schule.de\/index.php?rest_route=%2Fwp%2Fv2%2Fcomments&post=238"}],"version-history":[{"count":43,"href":"https:\/\/wp.taunus-schule.de\/index.php?rest_route=\/wp\/v2\/pages\/238\/revisions"}],"predecessor-version":[{"id":765,"href":"https:\/\/wp.taunus-schule.de\/index.php?rest_route=\/wp\/v2\/pages\/238\/revisions\/765"}],"up":[{"embeddable":true,"href":"https:\/\/wp.taunus-schule.de\/index.php?rest_route=\/wp\/v2\/pages\/39"}],"wp:attachment":[{"href":"https:\/\/wp.taunus-schule.de\/index.php?rest_route=%2Fwp%2Fv2%2Fmedia&parent=238"}],"curies":[{"name":"wp","href":"https:\/\/api.w.org\/{rel}","templated":true}]}}