{"id":271,"date":"2014-11-11T11:05:12","date_gmt":"2014-11-11T11:05:12","guid":{"rendered":"http:\/\/wp.taunus-schule.de\/?page_id=271"},"modified":"2023-09-22T08:40:23","modified_gmt":"2023-09-22T08:40:23","slug":"schwerpunktschuleintegrierte-foerderung","status":"publish","type":"page","link":"https:\/\/wp.taunus-schule.de\/?page_id=271","title":{"rendered":"Schwerpunktschule"},"content":{"rendered":"<p>Durch das freie Wahlrecht der Eltern k\u00f6nnen sie bei festgestelltem sonderp\u00e4dagogischem F\u00f6rderbedarf zwischen einer F\u00f6rderschule und einer Schwerpunktschule w\u00e4hlen. Schwerpunktschulen sind Regelschulen in die Kinder mit sonderp\u00e4dagogischem F\u00f6rderbedarf inkludiert werden und gemeinsam von Regelschullehrern und F\u00f6rderschullehrern unterrichtet werden.<\/p>\n<p><span style=\"text-decoration: underline;\">Die Taunus-Schule Nast\u00e4tten ist Stammschule f\u00fcr neun Schwerpunktschulen<\/span><\/p>\n<p>Grundschule Blaues L\u00e4ndchen Nast\u00e4tten &#8211; F\u00f6rderschullehrerin: Fr. K\u00fchnau<\/p>\n<p><a title=\"IGS Nast\u00e4tten\" href=\"http:\/\/www.nao-nastaetten.de\" target=\"_blank\" rel=\"noopener\">Nicolaus-August-Otto Integrierte Gesamtschule Nast\u00e4tten<\/a> &#8211; F\u00f6rderschullehrerin:\u00a0 Fr. Hi\u00dfnauer;<\/p>\n<p>P\u00e4dagogische Fachkraft: Fr. Inan<\/p>\n<p><a title=\"Loreleyschule Grund-und Realschule plus St.Goasrhausen-Heide\" href=\"http:\/\/www.loreleyschule.de\" target=\"_blank\" rel=\"noopener\">Loreleyschule Grund- und Realschule plus St.Goarshausen-Heide<\/a>: F\u00f6rderschullehrkr\u00e4fte: Hr. B\u00f6ttcher, Hr. Zimmer-Gabriel, Fr. Wilhelmi, Fr. Mailitis; P\u00e4dagogische Fachkr\u00e4fte: Fr. Drill, Fr. Zapp, Fr. Kaltwasser, Fr. Lauer<\/p>\n<p><a title=\"Grundschule Pestalozzi Diez\" href=\"http:\/\/www.pestalozzischule-diez.de\" target=\"_blank\" rel=\"noopener\">Grundschule Pestalozzi Diez &#8211;\u00a0<\/a> F\u00f6rderschullehrerinnen: Fr. Krauer, Fr. George, Fr. Frohn ; Fr. Antweiler, Fr. B\u00f6hninger,<\/p>\n<p>P\u00e4dagogische Fachkr\u00e4fte:\u00a0 Fr. Fischer; Fr. Stein-Rumpf<\/p>\n<p><a title=\"Theodissa Realschule plus Diez\" href=\"http:\/\/www.rs-diez.de\" target=\"_blank\" rel=\"noopener\">Theodissa Realschule plus Diez &#8211;\u00a0<\/a> F\u00f6rderschullehrkr\u00e4fte: Fr. Meiers, Fr. Richter, Fr. Balthasar, Hr. B\u00f6hninger; P\u00e4dagogische Fachkr\u00e4fte: Fr. Radvan; Fr. Helwing, Fr. Kurz<\/p>\n<p><a title=\"Grundschule Hahnst\u00e4tten\" href=\"http:\/\/www.grundschule-hahnstaetten.de\/\" target=\"_blank\" rel=\"noopener\">Grundschule Hahnst\u00e4tten<\/a> &#8211;\u00a0 F\u00f6rderschullehrerin: Fr. Meuer; P\u00e4dagogische Fachkr\u00e4fte: Fr. Centner, Fr. Reuscher<\/p>\n<p><a title=\"Realschule plus Hahnst\u00e4tten\" href=\"http:\/\/www.realschuleplus-hahnstaetten.de\" target=\"_blank\" rel=\"noopener\">Realschule plus Hahnst\u00e4tten<\/a> &#8211; F\u00f6rderschullehrerinnen: Fr. Mertel, Fr. Reiter; P\u00e4dagogische Fachkraft: Hr. Thesing<\/p>\n<p><a title=\"Grundschule im Einrich Katzenelnbogen\" href=\"http:\/\/www.gs-einrich.de\" target=\"_blank\" rel=\"noopener\">Grundschule im Einrich Katzenelnbogen<\/a> &#8211; F\u00f6rderschullehrkraft: Hr. Mertel; P\u00e4dagogische Fachkraft: Fr. Nagel<\/p>\n<p><a title=\"Realschule plus im Einrich Katzenelnbogen\" href=\"http:\/\/www.rs-katzenelnbogen.de\/\" target=\"_blank\" rel=\"noopener\">Realschule plus im Einrich Katzenelnbogen<\/a> &#8211; F\u00f6rderschullehrkr\u00e4fte: Hr. Beck; Fr. Schulski;\u00a0 P\u00e4dagogische Fachkraft: Fr. Bauer<\/p>\n","protected":false},"excerpt":{"rendered":"<p>Durch das freie Wahlrecht der Eltern k\u00f6nnen sie bei festgestelltem sonderp\u00e4dagogischem F\u00f6rderbedarf zwischen einer F\u00f6rderschule und einer Schwerpunktschule w\u00e4hlen. Schwerpunktschulen sind Regelschulen in die Kinder mit sonderp\u00e4dagogischem F\u00f6rderbedarf inkludiert werden und gemeinsam von Regelschullehrern und F\u00f6rderschullehrern unterrichtet werden. Die Taunus-Schule Nast\u00e4tten ist Stammschule f\u00fcr neun Schwerpunktschulen Grundschule Blaues L\u00e4ndchen Nast\u00e4tten &#8211; F\u00f6rderschullehrerin: Fr. K\u00fchnau Nicolaus-August-Otto [&hellip;]<\/p>\n","protected":false},"author":2,"featured_media":0,"parent":0,"menu_order":5,"comment_status":"closed","ping_status":"closed","template":"full-width-page.php","meta":{"footnotes":""},"class_list":["post-271","page","type-page","status-publish","hentry"],"_links":{"self":[{"href":"https:\/\/wp.taunus-schule.de\/index.php?rest_route=\/wp\/v2\/pages\/271","targetHints":{"allow":["GET"]}}],"collection":[{"href":"https:\/\/wp.taunus-schule.de\/index.php?rest_route=\/wp\/v2\/pages"}],"about":[{"href":"https:\/\/wp.taunus-schule.de\/index.php?rest_route=\/wp\/v2\/types\/page"}],"author":[{"embeddable":true,"href":"https:\/\/wp.taunus-schule.de\/index.php?rest_route=\/wp\/v2\/users\/2"}],"replies":[{"embeddable":true,"href":"https:\/\/wp.taunus-schule.de\/index.php?rest_route=%2Fwp%2Fv2%2Fcomments&post=271"}],"version-history":[{"count":11,"href":"https:\/\/wp.taunus-schule.de\/index.php?rest_route=\/wp\/v2\/pages\/271\/revisions"}],"predecessor-version":[{"id":902,"href":"https:\/\/wp.taunus-schule.de\/index.php?rest_route=\/wp\/v2\/pages\/271\/revisions\/902"}],"wp:attachment":[{"href":"https:\/\/wp.taunus-schule.de\/index.php?rest_route=%2Fwp%2Fv2%2Fmedia&parent=271"}],"curies":[{"name":"wp","href":"https:\/\/api.w.org\/{rel}","templated":true}]}}