{"id":39,"date":"2014-07-08T19:16:04","date_gmt":"2014-07-08T19:16:04","guid":{"rendered":"http:\/\/wp.taunus-schule.de\/?page_id=39"},"modified":"2022-09-08T10:43:16","modified_gmt":"2022-09-08T10:43:16","slug":"ganztagsschule","status":"publish","type":"page","link":"https:\/\/wp.taunus-schule.de\/?page_id=39","title":{"rendered":"Ganztagsschule"},"content":{"rendered":"\n<p>Seit 2004 ist die Taunus-Schule Ganztagsschule in Angebotsform. Dies bedeutet, dass die Sch\u00fclerinnen freiwillig an Ganztagsangebot teilnehmen k\u00f6nnen.<\/p>\n\n\n\n<p><span style=\"text-decoration: underline;\">&nbsp;<\/span><\/p>\n\n\n\n<p>der zeitliche Ablauf sieht folgenderma\u00dfen aus:<\/p>\n\n\n\n<figure class=\"wp-block-table\"><table><tbody><tr><td>12.00 &#8211; 12.45 Uhr<\/td><td>Unterricht oder Betreuung<\/td><\/tr><tr><td>12.45 \u2013 13.30 Uhr<\/td><td>Mittagessen (in der IGS)<\/td><\/tr><tr><td>13.30 \u2013 14.15 Uhr<\/td><td>Lernzeit<\/td><\/tr><tr><td>14.15 \u2013 15.45 Uhr<\/td><td>Projekte<\/td><\/tr><\/tbody><\/table><\/figure>\n","protected":false},"excerpt":{"rendered":"<p>Seit 2004 ist die Taunus-Schule Ganztagsschule in Angebotsform. Dies bedeutet, dass die Sch\u00fclerinnen freiwillig an Ganztagsangebot teilnehmen k\u00f6nnen. &nbsp; der zeitliche Ablauf sieht folgenderma\u00dfen aus: 12.00 &#8211; 12.45 Uhr Unterricht oder Betreuung 12.45 \u2013 13.30 Uhr Mittagessen (in der IGS) 13.30 \u2013 14.15 Uhr Lernzeit 14.15 \u2013 15.45 Uhr Projekte<\/p>\n","protected":false},"author":1,"featured_media":0,"parent":4,"menu_order":3,"comment_status":"closed","ping_status":"closed","template":"full-width-page.php","meta":{"footnotes":""},"class_list":["post-39","page","type-page","status-publish","hentry"],"_links":{"self":[{"href":"https:\/\/wp.taunus-schule.de\/index.php?rest_route=\/wp\/v2\/pages\/39","targetHints":{"allow":["GET"]}}],"collection":[{"href":"https:\/\/wp.taunus-schule.de\/index.php?rest_route=\/wp\/v2\/pages"}],"about":[{"href":"https:\/\/wp.taunus-schule.de\/index.php?rest_route=\/wp\/v2\/types\/page"}],"author":[{"embeddable":true,"href":"https:\/\/wp.taunus-schule.de\/index.php?rest_route=\/wp\/v2\/users\/1"}],"replies":[{"embeddable":true,"href":"https:\/\/wp.taunus-schule.de\/index.php?rest_route=%2Fwp%2Fv2%2Fcomments&post=39"}],"version-history":[{"count":17,"href":"https:\/\/wp.taunus-schule.de\/index.php?rest_route=\/wp\/v2\/pages\/39\/revisions"}],"predecessor-version":[{"id":843,"href":"https:\/\/wp.taunus-schule.de\/index.php?rest_route=\/wp\/v2\/pages\/39\/revisions\/843"}],"up":[{"embeddable":true,"href":"https:\/\/wp.taunus-schule.de\/index.php?rest_route=\/wp\/v2\/pages\/4"}],"wp:attachment":[{"href":"https:\/\/wp.taunus-schule.de\/index.php?rest_route=%2Fwp%2Fv2%2Fmedia&parent=39"}],"curies":[{"name":"wp","href":"https:\/\/api.w.org\/{rel}","templated":true}]}}