{"id":391,"date":"2015-11-11T13:17:17","date_gmt":"2015-11-11T13:17:17","guid":{"rendered":"http:\/\/wp.taunus-schule.de\/?page_id=391"},"modified":"2023-09-22T08:34:34","modified_gmt":"2023-09-22T08:34:34","slug":"seb","status":"publish","type":"page","link":"https:\/\/wp.taunus-schule.de\/?page_id=391","title":{"rendered":"SEB"},"content":{"rendered":"<p><span style=\"color: #ffffff;\">Zum neuen Schulelternbeirat f\u00fcr das Schuljahr 2023\/2024 wurden gew\u00e4hlt:<\/span><\/p>\n<p><span style=\"color: #ffffff;\">Hr. Reu\u00df (Vorsitzender)<\/span><\/p>\n<p><span style=\"color: #ffffff;\">Hr. K\u00f6hnlein<\/span><\/p>\n<p><span style=\"color: #ffffff;\">Fr. Schnell<\/span><\/p>\n","protected":false},"excerpt":{"rendered":"<p>Zum neuen Schulelternbeirat f\u00fcr das Schuljahr 2023\/2024 wurden gew\u00e4hlt: Hr. Reu\u00df (Vorsitzender) Hr. K\u00f6hnlein Fr. Schnell<\/p>\n","protected":false},"author":2,"featured_media":0,"parent":0,"menu_order":0,"comment_status":"closed","ping_status":"closed","template":"","meta":{"footnotes":""},"class_list":["post-391","page","type-page","status-publish","hentry"],"_links":{"self":[{"href":"https:\/\/wp.taunus-schule.de\/index.php?rest_route=\/wp\/v2\/pages\/391","targetHints":{"allow":["GET"]}}],"collection":[{"href":"https:\/\/wp.taunus-schule.de\/index.php?rest_route=\/wp\/v2\/pages"}],"about":[{"href":"https:\/\/wp.taunus-schule.de\/index.php?rest_route=\/wp\/v2\/types\/page"}],"author":[{"embeddable":true,"href":"https:\/\/wp.taunus-schule.de\/index.php?rest_route=\/wp\/v2\/users\/2"}],"replies":[{"embeddable":true,"href":"https:\/\/wp.taunus-schule.de\/index.php?rest_route=%2Fwp%2Fv2%2Fcomments&post=391"}],"version-history":[{"count":11,"href":"https:\/\/wp.taunus-schule.de\/index.php?rest_route=\/wp\/v2\/pages\/391\/revisions"}],"predecessor-version":[{"id":900,"href":"https:\/\/wp.taunus-schule.de\/index.php?rest_route=\/wp\/v2\/pages\/391\/revisions\/900"}],"wp:attachment":[{"href":"https:\/\/wp.taunus-schule.de\/index.php?rest_route=%2Fwp%2Fv2%2Fmedia&parent=391"}],"curies":[{"name":"wp","href":"https:\/\/api.w.org\/{rel}","templated":true}]}}