{"id":41,"date":"2014-07-08T19:25:51","date_gmt":"2014-07-08T19:25:51","guid":{"rendered":"http:\/\/wp.taunus-schule.de\/?page_id=41"},"modified":"2023-09-22T07:52:54","modified_gmt":"2023-09-22T07:52:54","slug":"zahlen-fakten","status":"publish","type":"page","link":"https:\/\/wp.taunus-schule.de\/?page_id=41","title":{"rendered":"Zahlen &#038; Fakten"},"content":{"rendered":"<p><strong><span style=\"text-decoration: underline;\">Die Geschichte der Taunusschule<\/span> <\/strong><\/p>\n<p class=\"Stil1\" align=\"justify\">Am 29. Juli 1964 wurde an der Volksschule Nast\u00e4tten eine Sonderschulklasse eingerichtet. 8 Buben und 5 M\u00e4dchen, darunter 2 aus Miehlen, besuchten zun\u00e4chst die Sonderschulklasse. Ein Lehrerzimmer der landwirtschaftlichen Kreisberufsschule wurde als Klassenraum zur Verf\u00fcgung gestellt. Die Eltern der neuen Sonderschule waren anfangs von der neuen Einrichtung gar nicht begeistert und bereiteten mancherlei Schwierigkeiten. Die Vorurteile in weiten Kreisen unserer Bev\u00f6lkerung sind noch immer nicht ganz ausger\u00e4umt.<br \/>\nDank der zentralen Lage Nast\u00e4ttens konnten immer mehr sonderschulbed\u00fcrftige Sch\u00fcler aus der Umgebung erfasst werden. Am 1.12.1966 wurde die zweite Sonderschulklasse in der landwirtschaftlichen Kreisberufsschule untergebracht. Frau Sonderschullehrerin Klamp \u00fcbernahm diese Klasse.<br \/>\nDie Aufl\u00f6sung der Au\u00dfenstelle St. Goarshausen erfolgte auf Anordnung der Bezirksregierung Koblenz im Oktober 1970. Von den 4 Klassen unserer Schule waren 3 im alten Volksschulgeb\u00e4ude und eine in der Landwirtschaftlichen Berufsschule Nast\u00e4tten untergebracht. Da der Raumbedarf der Grund und Hauptschule und der Realschule immer gr\u00f6\u00dfer wurde, mussten wir in die ehemalige Landwirtschaftsschule in der Rheinstra\u00dfe ausweichen.<br \/>\nDurch das Landesgesetz \u00fcber die \u00d6ffentlichen Grund\u2013, Haupt und Sonderschule vom 9.Mai 1968 (GVBL.S.73) ist die Tr\u00e4gerschaft der Sonderschule mit Wirkung vom 1.8.1968 auf den Kreis \u00fcbergegangen.<br \/>\nNach Angaben des Bauamtes will der Kreis f\u00fcr Renovierungsarbeiten etwa 150.000 Mark verausgabt haben.<br \/>\nIm Dezember 1971 konnte das neue Geb\u00e4ude besichtigt werden.<\/p>\n<h4>Entwicklung der Klassenzahlen<\/h4>\n<p><a href=\"https:\/\/wp.taunus-schule.de\/wp-content\/uploads\/2023\/09\/image002.png\"><img loading=\"lazy\" decoding=\"async\" class=\"alignnone size-full wp-image-872\" src=\"https:\/\/wp.taunus-schule.de\/wp-content\/uploads\/2023\/09\/image002.png\" alt=\"\" width=\"766\" height=\"451\" srcset=\"https:\/\/wp.taunus-schule.de\/wp-content\/uploads\/2023\/09\/image002.png 766w, https:\/\/wp.taunus-schule.de\/wp-content\/uploads\/2023\/09\/image002-300x177.png 300w, https:\/\/wp.taunus-schule.de\/wp-content\/uploads\/2023\/09\/image002-100x59.png 100w, https:\/\/wp.taunus-schule.de\/wp-content\/uploads\/2023\/09\/image002-150x88.png 150w, https:\/\/wp.taunus-schule.de\/wp-content\/uploads\/2023\/09\/image002-200x118.png 200w, https:\/\/wp.taunus-schule.de\/wp-content\/uploads\/2023\/09\/image002-450x265.png 450w, https:\/\/wp.taunus-schule.de\/wp-content\/uploads\/2023\/09\/image002-600x353.png 600w\" sizes=\"auto, (max-width: 766px) 100vw, 766px\" \/><\/a><\/p>\n<h4 class=\"Stil1\" align=\"justify\">Entwicklung der Sch\u00fclerzahlen<\/h4>\n<p><a href=\"https:\/\/wp.taunus-schule.de\/wp-content\/uploads\/2023\/09\/image002-1.png\"><img loading=\"lazy\" decoding=\"async\" class=\"alignnone size-full wp-image-873\" src=\"https:\/\/wp.taunus-schule.de\/wp-content\/uploads\/2023\/09\/image002-1.png\" alt=\"\" width=\"766\" height=\"451\" srcset=\"https:\/\/wp.taunus-schule.de\/wp-content\/uploads\/2023\/09\/image002-1.png 766w, https:\/\/wp.taunus-schule.de\/wp-content\/uploads\/2023\/09\/image002-1-300x177.png 300w, https:\/\/wp.taunus-schule.de\/wp-content\/uploads\/2023\/09\/image002-1-100x59.png 100w, https:\/\/wp.taunus-schule.de\/wp-content\/uploads\/2023\/09\/image002-1-150x88.png 150w, https:\/\/wp.taunus-schule.de\/wp-content\/uploads\/2023\/09\/image002-1-200x118.png 200w, https:\/\/wp.taunus-schule.de\/wp-content\/uploads\/2023\/09\/image002-1-450x265.png 450w, https:\/\/wp.taunus-schule.de\/wp-content\/uploads\/2023\/09\/image002-1-600x353.png 600w\" sizes=\"auto, (max-width: 766px) 100vw, 766px\" \/><\/a><\/p>\n<h4><span style=\"text-decoration: underline;\">Geschlechterverteilung im Schuljahr 2023\/2024<\/span><\/h4>\n<p><a href=\"https:\/\/wp.taunus-schule.de\/wp-content\/uploads\/2023\/09\/image002-2.png\"><img loading=\"lazy\" decoding=\"async\" class=\"alignnone size-full wp-image-874\" src=\"https:\/\/wp.taunus-schule.de\/wp-content\/uploads\/2023\/09\/image002-2.png\" alt=\"\" width=\"553\" height=\"332\" srcset=\"https:\/\/wp.taunus-schule.de\/wp-content\/uploads\/2023\/09\/image002-2.png 553w, https:\/\/wp.taunus-schule.de\/wp-content\/uploads\/2023\/09\/image002-2-300x180.png 300w, https:\/\/wp.taunus-schule.de\/wp-content\/uploads\/2023\/09\/image002-2-100x60.png 100w, https:\/\/wp.taunus-schule.de\/wp-content\/uploads\/2023\/09\/image002-2-150x90.png 150w, https:\/\/wp.taunus-schule.de\/wp-content\/uploads\/2023\/09\/image002-2-200x120.png 200w, https:\/\/wp.taunus-schule.de\/wp-content\/uploads\/2023\/09\/image002-2-450x270.png 450w\" sizes=\"auto, (max-width: 553px) 100vw, 553px\" \/><\/a><\/p>\n<h4><span style=\"text-decoration: underline;\">Geschlechterverteilung in den Klassen<\/span><\/h4>\n<p><a href=\"https:\/\/wp.taunus-schule.de\/wp-content\/uploads\/2023\/09\/image002-3.png\"><img loading=\"lazy\" decoding=\"async\" class=\"alignnone size-full wp-image-875\" src=\"https:\/\/wp.taunus-schule.de\/wp-content\/uploads\/2023\/09\/image002-3.png\" alt=\"\" width=\"720\" height=\"442\" srcset=\"https:\/\/wp.taunus-schule.de\/wp-content\/uploads\/2023\/09\/image002-3.png 720w, https:\/\/wp.taunus-schule.de\/wp-content\/uploads\/2023\/09\/image002-3-300x184.png 300w, https:\/\/wp.taunus-schule.de\/wp-content\/uploads\/2023\/09\/image002-3-100x61.png 100w, https:\/\/wp.taunus-schule.de\/wp-content\/uploads\/2023\/09\/image002-3-150x92.png 150w, https:\/\/wp.taunus-schule.de\/wp-content\/uploads\/2023\/09\/image002-3-200x123.png 200w, https:\/\/wp.taunus-schule.de\/wp-content\/uploads\/2023\/09\/image002-3-450x276.png 450w, https:\/\/wp.taunus-schule.de\/wp-content\/uploads\/2023\/09\/image002-3-600x368.png 600w\" sizes=\"auto, (max-width: 720px) 100vw, 720px\" \/><\/a><\/p>\n","protected":false},"excerpt":{"rendered":"<p>Die Geschichte der Taunusschule Am 29. Juli 1964 wurde an der Volksschule Nast\u00e4tten eine Sonderschulklasse eingerichtet. 8 Buben und 5 M\u00e4dchen, darunter 2 aus Miehlen, besuchten zun\u00e4chst die Sonderschulklasse. Ein Lehrerzimmer der landwirtschaftlichen Kreisberufsschule wurde als Klassenraum zur Verf\u00fcgung gestellt. Die Eltern der neuen Sonderschule waren anfangs von der neuen Einrichtung gar nicht begeistert und [&hellip;]<\/p>\n","protected":false},"author":1,"featured_media":0,"parent":4,"menu_order":4,"comment_status":"closed","ping_status":"closed","template":"full-width-page.php","meta":{"footnotes":""},"class_list":["post-41","page","type-page","status-publish","hentry"],"_links":{"self":[{"href":"https:\/\/wp.taunus-schule.de\/index.php?rest_route=\/wp\/v2\/pages\/41","targetHints":{"allow":["GET"]}}],"collection":[{"href":"https:\/\/wp.taunus-schule.de\/index.php?rest_route=\/wp\/v2\/pages"}],"about":[{"href":"https:\/\/wp.taunus-schule.de\/index.php?rest_route=\/wp\/v2\/types\/page"}],"author":[{"embeddable":true,"href":"https:\/\/wp.taunus-schule.de\/index.php?rest_route=\/wp\/v2\/users\/1"}],"replies":[{"embeddable":true,"href":"https:\/\/wp.taunus-schule.de\/index.php?rest_route=%2Fwp%2Fv2%2Fcomments&post=41"}],"version-history":[{"count":12,"href":"https:\/\/wp.taunus-schule.de\/index.php?rest_route=\/wp\/v2\/pages\/41\/revisions"}],"predecessor-version":[{"id":876,"href":"https:\/\/wp.taunus-schule.de\/index.php?rest_route=\/wp\/v2\/pages\/41\/revisions\/876"}],"up":[{"embeddable":true,"href":"https:\/\/wp.taunus-schule.de\/index.php?rest_route=\/wp\/v2\/pages\/4"}],"wp:attachment":[{"href":"https:\/\/wp.taunus-schule.de\/index.php?rest_route=%2Fwp%2Fv2%2Fmedia&parent=41"}],"curies":[{"name":"wp","href":"https:\/\/api.w.org\/{rel}","templated":true}]}}