{"id":47,"date":"2014-07-08T19:46:37","date_gmt":"2014-07-08T19:46:37","guid":{"rendered":"http:\/\/wp.taunus-schule.de\/?page_id=47"},"modified":"2017-01-19T11:22:41","modified_gmt":"2017-01-19T11:22:41","slug":"presseartikel","status":"publish","type":"page","link":"https:\/\/wp.taunus-schule.de\/?page_id=47","title":{"rendered":"Presseartikel"},"content":{"rendered":"<p class=\"Stil1\">Unsere Schule konnte man schon vielmals in der Zeitung finden.<br \/>\nHier einige der erschienen Artikel:<\/p>\n<p class=\"Stil1\"><a href=\"https:\/\/wp.taunus-schule.de\/wp-content\/uploads\/2014\/07\/2016-12-15-Weihnachtssingen-Adventsbasar.pdf\">2016-12-15 Weihnachtssingen Adventsbasar<\/a><\/p>\n<p class=\"Stil1\"><a title=\"Robin hat seinen Platz gefunden\" href=\"https:\/\/wp.taunus-schule.de\/?page_id=297\">03.12.2014 Robin hat seinen Platz gefunden<\/a><\/p>\n<p class=\"Stil1\"><a title=\"50 Jahre Taunus-Schule\" href=\"https:\/\/wp.taunus-schule.de\/?page_id=196\">50 Jahre Taunus-Schule<\/a><\/p>\n<p class=\"Stil1\"><a title=\"Eltern verkaufen f\u00fcr die Nast\u00e4tter Taunus-Schule\" href=\"https:\/\/wp.taunus-schule.de\/?page_id=193\">Eltern verkaufen f\u00fcr die Nast\u00e4tter Taunus-Schule<\/a><\/p>\n<p class=\"Stil1\"><a title=\"Taunus-Schule unter neuer Leitung\" href=\"https:\/\/wp.taunus-schule.de\/?page_id=190\">Taunus-Schule unter neuer Leitung<\/a><\/p>\n<p class=\"Stil1\"><a title=\"Elternabend: Mit Selbstbewusstsein gegen Missbrauch\" href=\"https:\/\/wp.taunus-schule.de\/?page_id=188\">Elternabend: Mit Selbstbewusstsein gegen Missbrauch<\/a><\/p>\n<p>&nbsp;<\/p>\n<p>&nbsp;<\/p>\n<p><a title=\"Regionalschulmeisterschaften Schwimmen 2012\" href=\"https:\/\/wp.taunus-schule.de\/?page_id=135\">Regionalschulmeisterschaften Schwimmen am 24.01.2012<\/a><\/p>\n<p class=\"Stil1\"><a title=\"Adventsbasar 2011\" href=\"https:\/\/wp.taunus-schule.de\/?page_id=132\">Adventsbasar am 10.12.2011<\/a><\/p>\n<p class=\"Stil1\"><a title=\"Lebendiger Adventskalender am 05.12.2011\" href=\"https:\/\/wp.taunus-schule.de\/?page_id=128\">Lebendiger Adventskalender am 05.12.2011<\/a><\/p>\n<p class=\"Stil1\"><a title=\"Projektwoche in der Taunus-Schule vom 2011\" href=\"https:\/\/wp.taunus-schule.de\/?page_id=125\">Projektwoche in der Taunus-Schule vom 28.11. &#8211; 02.12.2011<\/a><\/p>\n<p class=\"Stil1\"><a title=\"Projektwoche Sozialer Trainingkurs\" href=\"https:\/\/wp.taunus-schule.de\/?page_id=121\">Projektwoche Sozialer Trainingkurs (26.11.2010)<\/a><\/p>\n<p class=\"Stil1\"><a title=\"Interview mit Innenminister Karl-Peter Bruch\" href=\"https:\/\/wp.taunus-schule.de\/?page_id=118\">Interview mit Innenminister Karl-Peter Bruch (15.01.2010)<\/a><\/p>\n<p class=\"Stil1\"><a title=\"2. Suchtpr\u00e4ventionstage der Taunus-Schule\" href=\"https:\/\/wp.taunus-schule.de\/?page_id=115\">2. Suchtpr\u00e4ventionstage der Taunus-Schule von 11.-12.11.2009<\/a><\/p>\n<p class=\"Stil1\"><a title=\"Taunus-Schule feiert Erntedankgottestdienst\" href=\"https:\/\/wp.taunus-schule.de\/?page_id=111\">Taunus-Schule feiert Erntedankgottestdienst (05.10.2009)<\/a><\/p>\n<p class=\"Stil1\"><a title=\"Entlasssch\u00fcler feiern geb\u00fchrend ihren Schulabschluss (2009)\" href=\"https:\/\/wp.taunus-schule.de\/?page_id=108\">Entlasssch\u00fcler feiern geb\u00fchrend ihren Schulabschluss (26.06.2009)<\/a><\/p>\n<p class=\"Stil1\"><a title=\"Klassen 4 und 5 der Taunus-Schule auf dem Baumwipfelpfad bei Becheln\" href=\"https:\/\/wp.taunus-schule.de\/?page_id=105\">Klassen 4 und 5 der Taunus-Schule auf dem Baumwipfelpfad bei Becheln (18.06.2009)<\/a><\/p>\n<p class=\"Stil1\"><a title=\"1. Suchtpr\u00e4ventionstage der Klasse 7 in Bad Marienberg\" href=\"https:\/\/wp.taunus-schule.de\/?page_id=102\">1. Suchtpr\u00e4ventionstage der Klasse 7 in Bad Marienberg vom 17.-19.11.2008 (27.11.2008)<\/a><\/p>\n<p class=\"Stil1\"><a title=\"Regionalsportfest in Westerburg am 10.06.2008\" href=\"https:\/\/wp.taunus-schule.de\/?page_id=99\">Regionalsportfest in Westerburg am 10.06.2008<\/a><\/p>\n<p class=\"Stil1\"><a title=\"Besuch der Klassen 1-3 und 4 in der Fasanerie am 08.05.2008\" href=\"https:\/\/wp.taunus-schule.de\/?page_id=96\">Besuch der Klassen 1-3 und 4 in der Fasanerie am 08.05.2008<\/a><\/p>\n<p class=\"Stil1\"><a title=\"Regionalschulmeisterschaft Schwimmen am 21.01.2008\" href=\"https:\/\/wp.taunus-schule.de\/?page_id=93\">Regionalschulmeisterschaft Schwimmen am 21.01.2008<\/a><\/p>\n<p class=\"Stil1\"><a title=\"Adventsfeier der Klasse 1-3\" href=\"https:\/\/wp.taunus-schule.de\/?page_id=90\">Adventsfeier der Klasse 1-3 vom 20.01.2008<\/a><\/p>\n<p class=\"Stil1\"><a title=\"Schulfest am 16.06.2007\" href=\"https:\/\/wp.taunus-schule.de\/?page_id=84\">Schulfest am 16.06.2007<\/a><\/p>\n<p class=\"Stil1\"><a title=\"Spende einer Waschmaschine\" href=\"https:\/\/wp.taunus-schule.de\/?page_id=87\">Spende einer Waschmaschine am 18.12.2006<\/a><\/p>\n<p class=\"Stil1\"><a title=\"Einweihungsfeier des Neubaus\" href=\"https:\/\/wp.taunus-schule.de\/?page_id=79\">Einweihungsfeier des Neubaus am 17.11.2006<\/a><\/p>\n<p class=\"Stil1\"><a title=\"Probleme der Sch\u00fcler werden besprochen\" href=\"https:\/\/wp.taunus-schule.de\/?page_id=75\">Probleme der Sch\u00fcler werden besprochen (04.04.2003)<\/a><\/p>\n<p class=\"Stil1\"><a title=\"Frau D\u00f6rner als Konrektorin begr\u00fc\u00dft\" href=\"https:\/\/wp.taunus-schule.de\/?page_id=72\">Frau D\u00f6rner als Konrektorin begr\u00fc\u00dft (18.08.2002)<\/a><\/p>\n<p class=\"Stil1\"><a title=\"Verabschiedung Frau Klamp\" href=\"https:\/\/wp.taunus-schule.de\/?page_id=70\">Verabschiedung Frau Klamp (16.02.2000)<\/a><\/p>\n<p class=\"Stil1\"><a title=\"Taunus-Schule sammelt f\u00fcr ehemailigen Klassenkameraden in Bosnien\" href=\"https:\/\/wp.taunus-schule.de\/?page_id=68\">Taunus-Schule sammelt f\u00fcr ehemailigen Klassenkameraden in Bosnien (07.01.1999)<\/a><\/p>\n<p class=\"Stil1\"><a title=\"Abschlussfeier 1998\" href=\"https:\/\/wp.taunus-schule.de\/?page_id=66\">Abschlussfeier 1998 (21.07.1998)<\/a><\/p>\n<p class=\"Stil1\"><a title=\"Projektwoche\" href=\"https:\/\/wp.taunus-schule.de\/?page_id=64\">Projektwoche (13.01.1998)<\/a><\/p>\n<p class=\"Stil1\"><a title=\"Neuer Schulhof\" href=\"https:\/\/wp.taunus-schule.de\/?page_id=62\">Neuer Schulhof (01.10.1997)<\/a><\/p>\n<p class=\"Stil1\"><a title=\"Abschlussfeier 1997\" href=\"https:\/\/wp.taunus-schule.de\/?page_id=60\">Abschlussfeier 1997 (15.07.1997)<\/a><\/p>\n<p class=\"Stil1\"><a title=\"Spielevormittag\" href=\"https:\/\/wp.taunus-schule.de\/?page_id=58\">Spielevormittag (19.04.1997)<\/a><\/p>\n<p class=\"Stil1\"><a title=\"Sch\u00fcler verfolgen Verhandlung im Amtsgericht\" href=\"https:\/\/wp.taunus-schule.de\/?page_id=56\">Sch\u00fcler verfolgen Verhandlung im Amtsgericht (16.01.1997)<\/a><\/p>\n<p class=\"Stil1\"><a title=\"25j\u00e4hriges Dienstjubil\u00e4um Herr Graef\" href=\"https:\/\/wp.taunus-schule.de\/?page_id=54\">25j\u00e4hriges Dienstjubil\u00e4um Herr Graef (10.02.1996)<\/a><\/p>\n","protected":false},"excerpt":{"rendered":"<p>Unsere Schule konnte man schon vielmals in der Zeitung finden. Hier einige der erschienen Artikel: 2016-12-15 Weihnachtssingen Adventsbasar 03.12.2014 Robin hat seinen Platz gefunden 50 Jahre Taunus-Schule Eltern verkaufen f\u00fcr die Nast\u00e4tter Taunus-Schule Taunus-Schule unter neuer Leitung Elternabend: Mit Selbstbewusstsein gegen Missbrauch &nbsp; &nbsp; Regionalschulmeisterschaften Schwimmen am 24.01.2012 Adventsbasar am 10.12.2011 Lebendiger Adventskalender am 05.12.2011 [&hellip;]<\/p>\n","protected":false},"author":1,"featured_media":0,"parent":0,"menu_order":2,"comment_status":"closed","ping_status":"closed","template":"full-width-page.php","meta":{"footnotes":""},"class_list":["post-47","page","type-page","status-publish","hentry"],"_links":{"self":[{"href":"https:\/\/wp.taunus-schule.de\/index.php?rest_route=\/wp\/v2\/pages\/47","targetHints":{"allow":["GET"]}}],"collection":[{"href":"https:\/\/wp.taunus-schule.de\/index.php?rest_route=\/wp\/v2\/pages"}],"about":[{"href":"https:\/\/wp.taunus-schule.de\/index.php?rest_route=\/wp\/v2\/types\/page"}],"author":[{"embeddable":true,"href":"https:\/\/wp.taunus-schule.de\/index.php?rest_route=\/wp\/v2\/users\/1"}],"replies":[{"embeddable":true,"href":"https:\/\/wp.taunus-schule.de\/index.php?rest_route=%2Fwp%2Fv2%2Fcomments&post=47"}],"version-history":[{"count":8,"href":"https:\/\/wp.taunus-schule.de\/index.php?rest_route=\/wp\/v2\/pages\/47\/revisions"}],"predecessor-version":[{"id":506,"href":"https:\/\/wp.taunus-schule.de\/index.php?rest_route=\/wp\/v2\/pages\/47\/revisions\/506"}],"wp:attachment":[{"href":"https:\/\/wp.taunus-schule.de\/index.php?rest_route=%2Fwp%2Fv2%2Fmedia&parent=47"}],"curies":[{"name":"wp","href":"https:\/\/api.w.org\/{rel}","templated":true}]}}