{"id":477,"date":"2016-09-21T08:46:54","date_gmt":"2016-09-21T08:46:54","guid":{"rendered":"http:\/\/wp.taunus-schule.de\/?page_id=477"},"modified":"2017-10-17T12:02:24","modified_gmt":"2017-10-17T12:02:24","slug":"foerder-und-beratungszentrum","status":"publish","type":"page","link":"https:\/\/wp.taunus-schule.de\/?page_id=477","title":{"rendered":"F\u00f6rder- und Beratungszentrum"},"content":{"rendered":"<p>Die Taunus-Schule Nast\u00e4tten ist als Schule mit dem F\u00f6rderschwerpunkt Lernen eine der Stammschulen f\u00fcr Beratung des F\u00f6rder- und Beratungs-Zentrums des Rhein-Lahn-Kreises.<\/p>\n<p>N\u00e4here Informationen dazu finden Sie auf der Seite des <a href=\"http:\/\/www.fbz-rlk.de\/index.html\">F\u00f6rder- und Beratungszentrums<\/a><\/p>\n<p><a href=\"https:\/\/wp.taunus-schule.de\/wp-content\/uploads\/2015\/03\/cropped-Logo-Stammschule-FBZ.jpg\"><img loading=\"lazy\" decoding=\"async\" class=\"aligncenter wp-image-327\" src=\"https:\/\/wp.taunus-schule.de\/wp-content\/uploads\/2015\/03\/cropped-Logo-Stammschule-FBZ.jpg\" alt=\"cropped-Logo-Stammschule-FBZ.jpg\" width=\"583\" height=\"155\" srcset=\"https:\/\/wp.taunus-schule.de\/wp-content\/uploads\/2015\/03\/cropped-Logo-Stammschule-FBZ.jpg 986w, https:\/\/wp.taunus-schule.de\/wp-content\/uploads\/2015\/03\/cropped-Logo-Stammschule-FBZ-300x80.jpg 300w, https:\/\/wp.taunus-schule.de\/wp-content\/uploads\/2015\/03\/cropped-Logo-Stammschule-FBZ-100x27.jpg 100w, https:\/\/wp.taunus-schule.de\/wp-content\/uploads\/2015\/03\/cropped-Logo-Stammschule-FBZ-150x40.jpg 150w, https:\/\/wp.taunus-schule.de\/wp-content\/uploads\/2015\/03\/cropped-Logo-Stammschule-FBZ-200x53.jpg 200w, https:\/\/wp.taunus-schule.de\/wp-content\/uploads\/2015\/03\/cropped-Logo-Stammschule-FBZ-450x120.jpg 450w, https:\/\/wp.taunus-schule.de\/wp-content\/uploads\/2015\/03\/cropped-Logo-Stammschule-FBZ-600x159.jpg 600w, https:\/\/wp.taunus-schule.de\/wp-content\/uploads\/2015\/03\/cropped-Logo-Stammschule-FBZ-900x239.jpg 900w\" sizes=\"auto, (max-width: 583px) 100vw, 583px\" \/><\/a><\/p>\n","protected":false},"excerpt":{"rendered":"<p>Die Taunus-Schule Nast\u00e4tten ist als Schule mit dem F\u00f6rderschwerpunkt Lernen eine der Stammschulen f\u00fcr Beratung des F\u00f6rder- und Beratungs-Zentrums des Rhein-Lahn-Kreises. N\u00e4here Informationen dazu finden Sie auf der Seite des F\u00f6rder- und Beratungszentrums<\/p>\n","protected":false},"author":2,"featured_media":0,"parent":0,"menu_order":6,"comment_status":"closed","ping_status":"closed","template":"","meta":{"footnotes":""},"class_list":["post-477","page","type-page","status-publish","hentry"],"_links":{"self":[{"href":"https:\/\/wp.taunus-schule.de\/index.php?rest_route=\/wp\/v2\/pages\/477","targetHints":{"allow":["GET"]}}],"collection":[{"href":"https:\/\/wp.taunus-schule.de\/index.php?rest_route=\/wp\/v2\/pages"}],"about":[{"href":"https:\/\/wp.taunus-schule.de\/index.php?rest_route=\/wp\/v2\/types\/page"}],"author":[{"embeddable":true,"href":"https:\/\/wp.taunus-schule.de\/index.php?rest_route=\/wp\/v2\/users\/2"}],"replies":[{"embeddable":true,"href":"https:\/\/wp.taunus-schule.de\/index.php?rest_route=%2Fwp%2Fv2%2Fcomments&post=477"}],"version-history":[{"count":4,"href":"https:\/\/wp.taunus-schule.de\/index.php?rest_route=\/wp\/v2\/pages\/477\/revisions"}],"predecessor-version":[{"id":570,"href":"https:\/\/wp.taunus-schule.de\/index.php?rest_route=\/wp\/v2\/pages\/477\/revisions\/570"}],"wp:attachment":[{"href":"https:\/\/wp.taunus-schule.de\/index.php?rest_route=%2Fwp%2Fv2%2Fmedia&parent=477"}],"curies":[{"name":"wp","href":"https:\/\/api.w.org\/{rel}","templated":true}]}}