{"id":534,"date":"2017-06-13T10:51:24","date_gmt":"2017-06-13T10:51:24","guid":{"rendered":"http:\/\/wp.taunus-schule.de\/?page_id=534"},"modified":"2021-09-14T10:31:37","modified_gmt":"2021-09-14T10:31:37","slug":"praxistag","status":"publish","type":"page","link":"https:\/\/wp.taunus-schule.de\/?page_id=534","title":{"rendered":"Praxistag"},"content":{"rendered":"<p>Der <strong>Praxistag<\/strong> findet in der Taunus-Schule <strong>\u00fcber das gesamte Schuljahr der Klasse 9 immer donnerstags<\/strong> statt.<\/p>\n<p><strong>Ziele des Praxistages<\/strong><\/p>\n<ul>\n<li>\u00fcber einen l\u00e4ngeren Zeitraum Erfahrungen im Arbeitsalltag sammeln<\/li>\n<li>erste berufliche Kompetenzen erwerben, die den \u00dcbergang von Schule zu Berufswelt erleichtern<\/li>\n<li><i>Vermittlung von \u00fcberfachlichen Kompetenzen (Schl\u00fcsselqualifikationen)<\/i><\/li>\n<li><i>Motivationsschub f\u00fcr das Lernen insgesamt <\/i><\/li>\n<li><i>Erkennen pers\u00f6nlicher Neigungen und St\u00e4rken\u00a0<\/i><\/li>\n<li><i>Verbesserung der Ausbildungsreife<\/i><\/li>\n<li><i>gezielte und begr\u00fcndete Berufswahl <\/i><\/li>\n<li><i>h\u00e4ufigere Vermittlung in ein Ausbildungsverh\u00e4ltnis <\/i><\/li>\n<li><i>letztlich eine geringere Abbruchsquote w\u00e4hrend der Ausbildung<\/i><\/li>\n<\/ul>\n<p><strong>Zweiw\u00f6chiges Vorpraktikum<\/strong><\/p>\n<ul>\n<li>Blockpraktikum immer in der 2. und 3. Schulwoche nach den Sommerferien<\/li>\n<li>in dem Betrieb, in dem auch der Praxistag absolviert werden soll<\/li>\n<li>Kennenlernen<\/li>\n<li>Erste Orientierung<\/li>\n<li>Arbeitsabl\u00e4ufe erlernen<\/li>\n<\/ul>\n<p><strong>Praktikumssuche<\/strong><\/p>\n<ul>\n<li>Vorarbeit in Schule (Lebenslauf, Bewerbungsanschreiben, Rollenspiele, etc.)<\/li>\n<li>Fr\u00fchzeitige Suche<\/li>\n<li>Jugendliche sollen selbst suchen<\/li>\n<li>Anderer Betrieb als im Vorjahr<\/li>\n<li>Wohnortn\u00e4he beachten<\/li>\n<li>Interessen und F\u00e4higkeiten beachten<\/li>\n<li>Unterst\u00fctzung durch Eltern<\/li>\n<li>Suchbescheinigung<\/li>\n<\/ul>\n<p><strong>Wechsel des Praktikumsbetriebes<\/strong><\/p>\n<ul>\n<li>Wechsel in Absprache mit Schule m\u00f6glich<\/li>\n<li>Voraussetzungen:<\/li>\n<\/ul>\n<p>-&gt; Mindestens 8 Wochen in ein und demselben Betrieb<\/p>\n<p>-&gt; Vorliegendes Folgepraktikum<\/p>\n<p>-&gt; Schule stimmt zu<\/p>\n<p><strong>Schreiben und Formulare<\/strong><\/p>\n<ul>\n<li>Anmeldung zur Teilnahme der Bundesagentur f\u00fcr Arbeit (zur\u00fcck an die Schule)<\/li>\n<li>Einverst\u00e4ndniserkl\u00e4rung der Eltern \/ Erziehungsberechtigten (zur\u00fcck an die Schule)<\/li>\n<li>wichtige Hinweise und Informationen f\u00fcr Eltern \/ Erziehungsberechtigte<\/li>\n<li>Schreiben an den Praktikumsbetrieb<\/li>\n<li>wichtige Hinweise und Informationen f\u00fcr die Praktikumsbetriebe<\/li>\n<li>Einverst\u00e4ndniserkl\u00e4rung des Praktikumsbetriebes (zur\u00fcck an die Schule)<\/li>\n<li>Stammdatenblatt (verbleibt im Betrieb)<\/li>\n<li>Antrag auf Fahrtkostenerstattung<\/li>\n<li>Suchbescheinigung<\/li>\n<\/ul>\n<p><strong>Gesundheitszeugnis<\/strong><\/p>\n<ul>\n<li>Eine Belehrung \/ Bescheinigung des Gesundheitsamtes ben\u00f6tigt, wer mit folgenden Gegenst\u00e4nden in Ber\u00fchrung kommt:<\/li>\n<\/ul>\n<p>-&gt; Fleisch, Fisch, Meerestiere, Milchprodukte, Eiprodukte<\/p>\n<p>-&gt; S\u00e4uglings- und Kleinkindnahrung<\/p>\n<p>-&gt; Speiseeis<\/p>\n<p>-&gt; Backwaren mit nicht durchgebackener F\u00fcllung<\/p>\n<p>-&gt; Feinkost, Rohkost, Kartoffelsalate, Marinaden, Mayonnaisen, etc.<\/p>\n<p>-&gt; Sowie Personen, die in K\u00fcchen t\u00e4tig sind<\/p>\n<ul>\n<li>Lebensmittelbetriebe verlangen in der Regel Gesundheitszeugnis<\/li>\n<li>Vom Gesundheitsamt der Kreisverwaltung Bad Ems<\/li>\n<li>Kostenlos<\/li>\n<li>Antrag \u00fcber Schule &gt; Mitteilung an Schule<\/li>\n<\/ul>\n<p><strong>Antrag auf Fahrkostenerstattung<\/strong><\/p>\n<ul>\n<li>\u00d6ffentliche Verkehrsmittel<\/li>\n<li>Von den Kreisverwaltung Bad Ems erstattet<\/li>\n<li>Antrag vor Praktikum an Schule<\/li>\n<\/ul>\n<p><strong>Sonstiges<\/strong><\/p>\n<ul>\n<li>Unfall- und haftpflichtversichert<\/li>\n<li>Arbeitskleidung beachten<\/li>\n<li>Arbeitszeit maximal 7 Stunden<\/li>\n<li>Jugendarbeitsschutzgesetz gilt<\/li>\n<li>Bei Fernbleiben Schule und Betrieb rechtzeitig informieren<\/li>\n<li>Falls keine Mitarbeit m\u00f6glich, Besuch der Schule<\/li>\n<li>Anwesenheitsliste, Praktikumsmappe, Bewertung \/ Bescheinigung der Betriebe<\/li>\n<\/ul>\n<p>-&gt; Teil der Arbeitslehrenote (Hauptfach)<\/p>\n<p><strong>Flankierende Projekte<\/strong><\/p>\n<ul>\n<li>Gelder, um zur Vor- und Nachbereitung des Praxistages Projekte mit externen Partnern durchzuf\u00fchren<\/li>\n<\/ul>\n<p>-&gt; Berufswahlkoffer<\/p>\n<p>-&gt; Der gute erste Eindruck<\/p>\n<p>-&gt; Optimierung von Bewerbungsunterlagen<\/p>\n<p>-&gt; Vorstellungsgespr\u00e4ch-Training<\/p>\n<p>-&gt; Bewerbungsfotos mit Styling<\/p>\n<ul>\n<li>Gelder f\u00fcr Sachmittel<\/li>\n<\/ul>\n<p><strong>Bundesagentur f\u00fcr Arbeit<\/strong><\/p>\n<ul>\n<li>von der Agentur f\u00fcr Arbeit und dem Land RLP finanziert<\/li>\n<li>jeder Jugendliche hat nur einmal Anrecht auf finanzielle Unterst\u00fctzung<\/li>\n<\/ul>\n<p>-&gt; Anmeldung zur Teilnahme \/ pers\u00f6nliche Daten der teilnehmenden Sch\u00fcler\/innen um Missbrauch auszuschlie\u00dfen<\/p>\n<p>-&gt; ohne Unterschrift keine Bewilligung f\u00fcr Ma\u00dfnahmengelder<\/p>\n<ul>\n<li>Halbzeitgespr\u00e4che mit Berufsberater<\/li>\n<\/ul>\n<p><strong>Ganztagsschule<\/strong><\/p>\n<ul>\n<li>Wegfall des Donnerstag als Unterrichtszeit<\/li>\n<li>Verpflichtender Besuch der Ganztagsschule<\/li>\n<\/ul>\n<p>-&gt; am Vormittag 6 Stunden Unterricht<\/p>\n<p>-&gt; Am Nachmittag Mittagessen und Arbeitslehreunterricht<\/p>\n<p><strong>Weitere Informationen<\/strong><\/p>\n<ul>\n<li><a href=\"https:\/\/praxistag.bildung-rp.de\/\">https:\/\/praxistag.bildung-rp.de<\/a><\/li>\n<li>Frau Schulski (Berufswahlkoordinatorin + Praxistagskoordinatorin)<\/li>\n<\/ul>\n","protected":false},"excerpt":{"rendered":"<p>Der Praxistag findet in der Taunus-Schule \u00fcber das gesamte Schuljahr der Klasse 9 immer donnerstags statt. Ziele des Praxistages \u00fcber einen l\u00e4ngeren Zeitraum Erfahrungen im Arbeitsalltag sammeln erste berufliche Kompetenzen erwerben, die den \u00dcbergang von Schule zu Berufswelt erleichtern Vermittlung von \u00fcberfachlichen Kompetenzen (Schl\u00fcsselqualifikationen) Motivationsschub f\u00fcr das Lernen insgesamt Erkennen pers\u00f6nlicher Neigungen und St\u00e4rken\u00a0 Verbesserung [&hellip;]<\/p>\n","protected":false},"author":2,"featured_media":0,"parent":43,"menu_order":7,"comment_status":"closed","ping_status":"closed","template":"","meta":{"footnotes":""},"class_list":["post-534","page","type-page","status-publish","hentry"],"_links":{"self":[{"href":"https:\/\/wp.taunus-schule.de\/index.php?rest_route=\/wp\/v2\/pages\/534","targetHints":{"allow":["GET"]}}],"collection":[{"href":"https:\/\/wp.taunus-schule.de\/index.php?rest_route=\/wp\/v2\/pages"}],"about":[{"href":"https:\/\/wp.taunus-schule.de\/index.php?rest_route=\/wp\/v2\/types\/page"}],"author":[{"embeddable":true,"href":"https:\/\/wp.taunus-schule.de\/index.php?rest_route=\/wp\/v2\/users\/2"}],"replies":[{"embeddable":true,"href":"https:\/\/wp.taunus-schule.de\/index.php?rest_route=%2Fwp%2Fv2%2Fcomments&post=534"}],"version-history":[{"count":2,"href":"https:\/\/wp.taunus-schule.de\/index.php?rest_route=\/wp\/v2\/pages\/534\/revisions"}],"predecessor-version":[{"id":813,"href":"https:\/\/wp.taunus-schule.de\/index.php?rest_route=\/wp\/v2\/pages\/534\/revisions\/813"}],"up":[{"embeddable":true,"href":"https:\/\/wp.taunus-schule.de\/index.php?rest_route=\/wp\/v2\/pages\/43"}],"wp:attachment":[{"href":"https:\/\/wp.taunus-schule.de\/index.php?rest_route=%2Fwp%2Fv2%2Fmedia&parent=534"}],"curies":[{"name":"wp","href":"https:\/\/api.w.org\/{rel}","templated":true}]}}