{"id":54,"date":"2014-07-09T08:26:41","date_gmt":"2014-07-09T08:26:41","guid":{"rendered":"http:\/\/wp.taunus-schule.de\/?page_id=54"},"modified":"2014-07-09T08:44:51","modified_gmt":"2014-07-09T08:44:51","slug":"25jaehriges-dienstjubilaeum-herr-graef","status":"publish","type":"page","link":"https:\/\/wp.taunus-schule.de\/?page_id=54","title":{"rendered":"25j\u00e4hriges Dienstjubil\u00e4um Herr Graef"},"content":{"rendered":"<h1>Dank vom Minister<\/h1>\n<h2>Rektor Graef feierte 25. Dienstjubil\u00e4um<\/h2>\n<p>NAST\u00c4TTEN. RED. Seinen Antrittsbesuch in der Taunus-Schule machte der neue Aufsichtsbeamte der Bezirksregierung Koblenz, Regierungsschuldirektor Justrie.<\/p>\n<p>Er nutzte diese Gelegenheit, um dem Rektor der Taunus-Schule, Dipl. P\u00e4d. Friedhelm Graef, zu dessen 25. Dienstjubil\u00e4um zu gratulieren und sprach ihm f\u00fcr die der Allgemeinheit geleisteten Dienste Dank und Anerkennung im Namen des Ministers f\u00fcr Bildung, Wissenschaft und Weiterbildung des Landes Rheinland-Pfalz, Dr. E. Z\u00f6llner aus.<\/p>\n<p>In seiner Laudatio schilderte Justrie den beruflichen Werdegang des P\u00e4dagogen und sprach die Hoffnung aus, da\u00df Graef auch in den kommenden Jahren als Leiter der Taunus-Schule die verantwortungsvolle Aufgabe zum Wohle von Sch\u00fclern, Eltern und Lehrern leisten werde.<\/p>\n<p>Nach dem Dank an Justrie verabschiedete Schulleiter Graef Bettina Kemp, die \u00fcber ein Jahr lang in engagierter Weise eine erkrankte Kollegin vertreten und den personellen Engpa\u00df der Taunus-Schule vor\u00fcbergehend entlastet hatte. Bettina Kemp hatte sich durch ihre geleistete Arbeit f\u00fcr die Schule Anerkennung und Respekt erworben und wurde mit einem Buchgeschenk und Blumen verabschiedet.<\/p>\n<p>Als neue Kollegin wurde Sonderschullehrerin Tanja Galluzzi durch Regierungsschuldirektor Justrie vereidigt, der Taunus-Schule zugewiesen und im Kollegium herzlich willkommen gehei\u00dfen. Tanja Galluzzi leistete nach ihren Studium ihre Referendarzeit an einer Schule f\u00fcr Lernbehinderte in Mainz ab.<\/p>\n<p>(Quelle: Rhein-Lahn-Zeitung 10.02.1996)<\/p>\n","protected":false},"excerpt":{"rendered":"<p>Dank vom Minister Rektor Graef feierte 25. Dienstjubil\u00e4um NAST\u00c4TTEN. RED. Seinen Antrittsbesuch in der Taunus-Schule machte der neue Aufsichtsbeamte der Bezirksregierung Koblenz, Regierungsschuldirektor Justrie. Er nutzte diese Gelegenheit, um dem Rektor der Taunus-Schule, Dipl. P\u00e4d. Friedhelm Graef, zu dessen 25. Dienstjubil\u00e4um zu gratulieren und sprach ihm f\u00fcr die der Allgemeinheit geleisteten Dienste Dank und Anerkennung [&hellip;]<\/p>\n","protected":false},"author":1,"featured_media":0,"parent":47,"menu_order":50,"comment_status":"closed","ping_status":"closed","template":"full-width-page.php","meta":{"footnotes":""},"class_list":["post-54","page","type-page","status-publish","hentry"],"_links":{"self":[{"href":"https:\/\/wp.taunus-schule.de\/index.php?rest_route=\/wp\/v2\/pages\/54","targetHints":{"allow":["GET"]}}],"collection":[{"href":"https:\/\/wp.taunus-schule.de\/index.php?rest_route=\/wp\/v2\/pages"}],"about":[{"href":"https:\/\/wp.taunus-schule.de\/index.php?rest_route=\/wp\/v2\/types\/page"}],"author":[{"embeddable":true,"href":"https:\/\/wp.taunus-schule.de\/index.php?rest_route=\/wp\/v2\/users\/1"}],"replies":[{"embeddable":true,"href":"https:\/\/wp.taunus-schule.de\/index.php?rest_route=%2Fwp%2Fv2%2Fcomments&post=54"}],"version-history":[{"count":1,"href":"https:\/\/wp.taunus-schule.de\/index.php?rest_route=\/wp\/v2\/pages\/54\/revisions"}],"predecessor-version":[{"id":55,"href":"https:\/\/wp.taunus-schule.de\/index.php?rest_route=\/wp\/v2\/pages\/54\/revisions\/55"}],"up":[{"embeddable":true,"href":"https:\/\/wp.taunus-schule.de\/index.php?rest_route=\/wp\/v2\/pages\/47"}],"wp:attachment":[{"href":"https:\/\/wp.taunus-schule.de\/index.php?rest_route=%2Fwp%2Fv2%2Fmedia&parent=54"}],"curies":[{"name":"wp","href":"https:\/\/api.w.org\/{rel}","templated":true}]}}