{"id":56,"date":"2014-07-09T08:28:54","date_gmt":"2014-07-09T08:28:54","guid":{"rendered":"http:\/\/wp.taunus-schule.de\/?page_id=56"},"modified":"2014-07-09T08:45:22","modified_gmt":"2014-07-09T08:45:22","slug":"schueler-verfolgen-verhandlung-im-amtsgericht","status":"publish","type":"page","link":"https:\/\/wp.taunus-schule.de\/?page_id=56","title":{"rendered":"Sch\u00fcler verfolgen Verhandlung im Amtsgericht"},"content":{"rendered":"<h1>Verhandlungen verfolgt<\/h1>\n<h2>Sch\u00fcler der Taunus-Schule im Amtsgericht<\/h2>\n<p>NAST\u00c4TTEN. RED. Sch\u00fcler der Abschlu\u00dfstufe der Taunus-Schule fuhren mit Rektor Graef zum Amtsgericht nach Diez, um einmal an Gerichtsverhandlungen teilzunehmen.<\/p>\n<p>Graef hatte die Sch\u00fcler vorher im Unterricht auf die Thematik vorbereitet. In der ersten Verhandlung wollte der Angeklagte kein Geld f\u00fcr seine Tochter bezahlen. Der Mann sagte aus, er sei des \u00f6fteren arbeitslos gewesen und k\u00f6nne die 400 Mark nicht aufbringen. Der Richter sah das nicht ein, da er wieder als Kraftfahrer Arbeit habe und gab ihm eine Bew\u00e4hrungsstrafe. Au\u00dferdem mu\u00df er k\u00fcnftig 350 Mark bezahlen.<\/p>\n<p>Ein anderer Angeklagter erschien im Gericht nicht. Er mu\u00df deshalb 3500 Mark Strafe zahlen.<\/p>\n<p>In einem weiteren Proze\u00df ging es um Schmerzensgeld und schwere K\u00f6rperverletzung. Der Beklagte war schon mehrfach vorbestraft. Das Ende der Gerichtsverhandlung konnten die Sch\u00fcler nicht mehr mitbekommen, da der Bus schon zur R\u00fcckfahrt bereitstand.<\/p>\n<p>(Quelle: Rhein-Lahn-Zeitung 16.01.1997)<\/p>\n","protected":false},"excerpt":{"rendered":"<p>Verhandlungen verfolgt Sch\u00fcler der Taunus-Schule im Amtsgericht NAST\u00c4TTEN. RED. Sch\u00fcler der Abschlu\u00dfstufe der Taunus-Schule fuhren mit Rektor Graef zum Amtsgericht nach Diez, um einmal an Gerichtsverhandlungen teilzunehmen. Graef hatte die Sch\u00fcler vorher im Unterricht auf die Thematik vorbereitet. In der ersten Verhandlung wollte der Angeklagte kein Geld f\u00fcr seine Tochter bezahlen. Der Mann sagte aus, [&hellip;]<\/p>\n","protected":false},"author":1,"featured_media":0,"parent":47,"menu_order":49,"comment_status":"closed","ping_status":"closed","template":"full-width-page.php","meta":{"footnotes":""},"class_list":["post-56","page","type-page","status-publish","hentry"],"_links":{"self":[{"href":"https:\/\/wp.taunus-schule.de\/index.php?rest_route=\/wp\/v2\/pages\/56","targetHints":{"allow":["GET"]}}],"collection":[{"href":"https:\/\/wp.taunus-schule.de\/index.php?rest_route=\/wp\/v2\/pages"}],"about":[{"href":"https:\/\/wp.taunus-schule.de\/index.php?rest_route=\/wp\/v2\/types\/page"}],"author":[{"embeddable":true,"href":"https:\/\/wp.taunus-schule.de\/index.php?rest_route=\/wp\/v2\/users\/1"}],"replies":[{"embeddable":true,"href":"https:\/\/wp.taunus-schule.de\/index.php?rest_route=%2Fwp%2Fv2%2Fcomments&post=56"}],"version-history":[{"count":1,"href":"https:\/\/wp.taunus-schule.de\/index.php?rest_route=\/wp\/v2\/pages\/56\/revisions"}],"predecessor-version":[{"id":57,"href":"https:\/\/wp.taunus-schule.de\/index.php?rest_route=\/wp\/v2\/pages\/56\/revisions\/57"}],"up":[{"embeddable":true,"href":"https:\/\/wp.taunus-schule.de\/index.php?rest_route=\/wp\/v2\/pages\/47"}],"wp:attachment":[{"href":"https:\/\/wp.taunus-schule.de\/index.php?rest_route=%2Fwp%2Fv2%2Fmedia&parent=56"}],"curies":[{"name":"wp","href":"https:\/\/api.w.org\/{rel}","templated":true}]}}