{"id":66,"date":"2014-07-09T08:50:43","date_gmt":"2014-07-09T08:50:43","guid":{"rendered":"http:\/\/wp.taunus-schule.de\/?page_id=66"},"modified":"2014-07-09T08:50:43","modified_gmt":"2014-07-09T08:50:43","slug":"abschlussfeier-1998","status":"publish","type":"page","link":"https:\/\/wp.taunus-schule.de\/?page_id=66","title":{"rendered":"Abschlussfeier 1998"},"content":{"rendered":"<h1>Auf zu neuen Ufern<\/h1>\n<h3>Entla\u00dffeier an der Taunus-Schule in Nast\u00e4tten<\/h3>\n<p>NAST\u00c4TTEN.<\/p>\n<p>13 Sch\u00fclerinnen und Sch\u00fcler der Taunus-Schule wurden im Rahmen einer Feier von der Schulgemeinschaft verabschiedet.<\/p>\n<p>Sonderschuldirektor Friedhelm Graef betonte in seiner Begr\u00fc\u00dfungsrede, da\u00df die Entla\u00df-Sch\u00fcler in der Taunus-Schule wichtige Grundlagen erworben h\u00e4tten, die \u00fcber das schulische Lernen hinaus gingen und ihnen gute Perspektiven f\u00fcr das berufliche Leben erm\u00f6glichten. Besonders stolz konnte er vermelden, da\u00df immerhin zehn Sch\u00fcler ein freiwilliges zus\u00e4tzliches Schuljahr in Lahnstein absolvieren werden, um den Hauptschulabschlu\u00df zu erwerben.<\/p>\n<p>Die Klassen 1\/2 und 3\/4 hatten mit ihren Klassenleiterinnen Tanja Galluzzi und Doris D\u00f6rner einen Parademarsch einstudiert.<\/p>\n<p>In der anschlie\u00dfenden Ansprache der Klassenlehrerin der Entla\u00df-Sch\u00fcler verglich Sibylle Klamp den Lebensabschnitt, den die Sch\u00fcler in der Schule zur\u00fcckgelegt haben, mit dem ersten wichtigen Kapitel eines aufgeschlagenen Buches, das den Anfang einer Entwicklung aufzeigt und dem noch viele weitere Kapitel folgen werden.<\/p>\n<p>Nach dem Sketch der Klasse 8\/9 &#8222;F\u00fcr zehn Pfennig Bonbons&#8220; w\u00fcnschte die stellvertretende Elternsprecherin Marlies Heuser den Sch\u00fclern f\u00fcr die Zukunft alles Gute, wobei sie nicht verga\u00df, sich bei der Lehrerschaft f\u00fcr deren engagierte Arbeit in der Schule zu bedanken.<\/p>\n<p>In der Folge begeisterte die Klasse 4\/5 mit einer Mini-Playback-Show, die bei fetzigen Rhythmen Michael Jackson gekonnt imitierten. Der Sprecher der Abschlu\u00df-Sch\u00fcler lie\u00df den Schulalltag mit satirischen Bemerkungen unterlegten Anspielungen nochmals aus der Sicht der Sch\u00fcler Revue passieren.<\/p>\n<p>Im folgenden Sketch &#8222;Der Schlangenbeschw\u00f6rer&#8220; versuchte ein Sch\u00fcler mit Hilfe von Eltern zun\u00e4chst vergebens, Schlangen aus einem Korb zu zaubern. Schlie\u00dflich mu\u00dfte sogar Rektor Graef auf die Knie fallen und Gebetsformeln mitsprechen, was den Sch\u00fcler zu der Erkenntnis verhalf, da\u00df es offensichtlich leichter ist, &#8222;Kamele auf die Knie zu zwingen, als Schlangen herbei zu zaubern&#8220;.<\/p>\n<p>Anschlie\u00dfend wurden die Entla\u00df-Sch\u00fcler durch die Klasse 7\/8 unter Regie von Karl-Heinz Pickel vorgestellt und die beruflichen Ziele aufgezeigt. Ein Sketch und das Musizieren auf Gl\u00e4sern der Klasse 5\/6, einge\u00fcbt mit ihrem Klassenlehrer Martin Heine, beendete die Abschlu\u00dffeier, bevor alle Sch\u00fcler und Lehrer mit einem kleinen \u00dcberraschungsgeschenk bedacht wurden.<\/p>\n<p>(Quelle: Rhein-Lahn-Zeitung 21.07.1998)<\/p>\n","protected":false},"excerpt":{"rendered":"<p>Auf zu neuen Ufern Entla\u00dffeier an der Taunus-Schule in Nast\u00e4tten NAST\u00c4TTEN. 13 Sch\u00fclerinnen und Sch\u00fcler der Taunus-Schule wurden im Rahmen einer Feier von der Schulgemeinschaft verabschiedet. Sonderschuldirektor Friedhelm Graef betonte in seiner Begr\u00fc\u00dfungsrede, da\u00df die Entla\u00df-Sch\u00fcler in der Taunus-Schule wichtige Grundlagen erworben h\u00e4tten, die \u00fcber das schulische Lernen hinaus gingen und ihnen gute Perspektiven f\u00fcr [&hellip;]<\/p>\n","protected":false},"author":1,"featured_media":0,"parent":47,"menu_order":44,"comment_status":"closed","ping_status":"closed","template":"full-width-page.php","meta":{"footnotes":""},"class_list":["post-66","page","type-page","status-publish","hentry"],"_links":{"self":[{"href":"https:\/\/wp.taunus-schule.de\/index.php?rest_route=\/wp\/v2\/pages\/66","targetHints":{"allow":["GET"]}}],"collection":[{"href":"https:\/\/wp.taunus-schule.de\/index.php?rest_route=\/wp\/v2\/pages"}],"about":[{"href":"https:\/\/wp.taunus-schule.de\/index.php?rest_route=\/wp\/v2\/types\/page"}],"author":[{"embeddable":true,"href":"https:\/\/wp.taunus-schule.de\/index.php?rest_route=\/wp\/v2\/users\/1"}],"replies":[{"embeddable":true,"href":"https:\/\/wp.taunus-schule.de\/index.php?rest_route=%2Fwp%2Fv2%2Fcomments&post=66"}],"version-history":[{"count":1,"href":"https:\/\/wp.taunus-schule.de\/index.php?rest_route=\/wp\/v2\/pages\/66\/revisions"}],"predecessor-version":[{"id":67,"href":"https:\/\/wp.taunus-schule.de\/index.php?rest_route=\/wp\/v2\/pages\/66\/revisions\/67"}],"up":[{"embeddable":true,"href":"https:\/\/wp.taunus-schule.de\/index.php?rest_route=\/wp\/v2\/pages\/47"}],"wp:attachment":[{"href":"https:\/\/wp.taunus-schule.de\/index.php?rest_route=%2Fwp%2Fv2%2Fmedia&parent=66"}],"curies":[{"name":"wp","href":"https:\/\/api.w.org\/{rel}","templated":true}]}}