{"id":671,"date":"2019-07-05T08:03:05","date_gmt":"2019-07-05T08:03:05","guid":{"rendered":"http:\/\/wp.taunus-schule.de\/?page_id=671"},"modified":"2019-07-05T08:11:31","modified_gmt":"2019-07-05T08:11:31","slug":"schulsozialarbeit","status":"publish","type":"page","link":"https:\/\/wp.taunus-schule.de\/?page_id=671","title":{"rendered":"Schulsozialarbeit"},"content":{"rendered":"\n<p><strong>Schulsozialarbeit<\/strong> <strong>an der Taunusschule<\/strong><strong><em><br>\n<\/em><\/strong><\/p>\n\n\n\n<div class=\"wp-block-image\"><figure class=\"aligncenter is-resized\"><img loading=\"lazy\" decoding=\"async\" src=\"https:\/\/wp.taunus-schule.de\/wp-content\/uploads\/2019\/07\/Jennifer-Sela.jpg\" alt=\"\" class=\"wp-image-674\" width=\"169\" height=\"214\" srcset=\"https:\/\/wp.taunus-schule.de\/wp-content\/uploads\/2019\/07\/Jennifer-Sela.jpg 316w, https:\/\/wp.taunus-schule.de\/wp-content\/uploads\/2019\/07\/Jennifer-Sela-236x300.jpg 236w, https:\/\/wp.taunus-schule.de\/wp-content\/uploads\/2019\/07\/Jennifer-Sela-100x127.jpg 100w, https:\/\/wp.taunus-schule.de\/wp-content\/uploads\/2019\/07\/Jennifer-Sela-150x190.jpg 150w, https:\/\/wp.taunus-schule.de\/wp-content\/uploads\/2019\/07\/Jennifer-Sela-200x254.jpg 200w, https:\/\/wp.taunus-schule.de\/wp-content\/uploads\/2019\/07\/Jennifer-Sela-300x381.jpg 300w\" sizes=\"auto, (max-width: 169px) 100vw, 169px\" \/><\/figure><\/div>\n\n\n\n<p>Mein Name ist Jennifer Sela und ich freue mich, die Taunusschule seit Juni\n2019 als neue Schulsozialarbeiterin unterst\u00fctzen zu k\u00f6nnen.&nbsp; <\/p>\n\n\n\n<p>Die Schulsozialarbeit will dazu beitragen, dass unsere Schule f\u00fcr Kinder ein Ort des Wohlf\u00fchlens und des Lernens ist, an dem sie in ihrer allgemeinen Entwicklung optimal unterst\u00fctzt und gef\u00f6rdert werden.<br><\/p>\n\n\n\n<p><strong><em>Als Angebot der Jugendhilfe z\u00e4hlen folgende Arbeitsfelder zum Kern der\nSchulsozialarbeit:<\/em><\/strong><em> <\/em><\/p>\n\n\n\n<ul class=\"wp-block-list\"><li>Beratung und Einzelfallhilfe <\/li><li>Sozialp\u00e4dagogische Gruppenarbeit und Projekte <\/li><li>Vernetzung und Gemeinwesenarbeit <\/li><li>Elternarbeit <\/li><\/ul>\n\n\n\n<p><strong><em>Wie kann unsere Schulsozialarbeiterin Frau Sela helfen?<\/em><\/strong><em> <\/em><\/p>\n\n\n\n<p><strong>&nbsp;F\u00fcr dich als Kind:<\/strong> <\/p>\n\n\n\n<p>Die Schulsozialarbeiterin Frau Sela nimmt sich Zeit\nf\u00fcr Gespr\u00e4che. \u2028 <\/p>\n\n\n\n<p>Sie ber\u00e4t dich bei Problemen in der Schule und in der\nFamilie. <\/p>\n\n\n\n<p>Die Schulsozialarbeiterin hilft dir bei Konflikten mit\nMitsch\u00fclern\/-innen. <\/p>\n\n\n\n<p><strong>F\u00fcr Sie als Eltern:<\/strong> <\/p>\n\n\n\n<p>Die Schulsozialarbeiterin ber\u00e4t bei Problemen an der\nSchule. \u2028 <\/p>\n\n\n\n<p>Sie hilft bei famili\u00e4ren Schwierigkeiten und in\nErziehungsfragen und vermittelt gegebenenfalls in andere Hilfsangebote. \u2028\u2028 <\/p>\n\n\n\n<p><strong>Die Beratungen unterliegen der Schweigepflicht und\nwerden vertraulich behandelt!<\/strong> <\/p>\n\n\n\n<p>Sie erreichen Frau Sela vormittags telefonisch unter: 01709242568\noder pers\u00f6nlich in <br><\/p>\n\n\n\n<p>Raum 205.&nbsp; <\/p>\n","protected":false},"excerpt":{"rendered":"<p>Schulsozialarbeit an der Taunusschule Mein Name ist Jennifer Sela und ich freue mich, die Taunusschule seit Juni 2019 als neue Schulsozialarbeiterin unterst\u00fctzen zu k\u00f6nnen.&nbsp; Die Schulsozialarbeit will dazu beitragen, dass unsere Schule f\u00fcr Kinder ein Ort des Wohlf\u00fchlens und des Lernens ist, an dem sie in ihrer allgemeinen Entwicklung optimal unterst\u00fctzt und gef\u00f6rdert werden. Als [&hellip;]<\/p>\n","protected":false},"author":2,"featured_media":0,"parent":0,"menu_order":0,"comment_status":"closed","ping_status":"closed","template":"full-width-page.php","meta":{"footnotes":""},"class_list":["post-671","page","type-page","status-publish","hentry"],"_links":{"self":[{"href":"https:\/\/wp.taunus-schule.de\/index.php?rest_route=\/wp\/v2\/pages\/671","targetHints":{"allow":["GET"]}}],"collection":[{"href":"https:\/\/wp.taunus-schule.de\/index.php?rest_route=\/wp\/v2\/pages"}],"about":[{"href":"https:\/\/wp.taunus-schule.de\/index.php?rest_route=\/wp\/v2\/types\/page"}],"author":[{"embeddable":true,"href":"https:\/\/wp.taunus-schule.de\/index.php?rest_route=\/wp\/v2\/users\/2"}],"replies":[{"embeddable":true,"href":"https:\/\/wp.taunus-schule.de\/index.php?rest_route=%2Fwp%2Fv2%2Fcomments&post=671"}],"version-history":[{"count":3,"href":"https:\/\/wp.taunus-schule.de\/index.php?rest_route=\/wp\/v2\/pages\/671\/revisions"}],"predecessor-version":[{"id":675,"href":"https:\/\/wp.taunus-schule.de\/index.php?rest_route=\/wp\/v2\/pages\/671\/revisions\/675"}],"wp:attachment":[{"href":"https:\/\/wp.taunus-schule.de\/index.php?rest_route=%2Fwp%2Fv2%2Fmedia&parent=671"}],"curies":[{"name":"wp","href":"https:\/\/api.w.org\/{rel}","templated":true}]}}