{"id":72,"date":"2014-07-09T08:57:25","date_gmt":"2014-07-09T08:57:25","guid":{"rendered":"http:\/\/wp.taunus-schule.de\/?page_id=72"},"modified":"2014-07-09T08:57:25","modified_gmt":"2014-07-09T08:57:25","slug":"frau-doerner-als-konrektorin-begruesst","status":"publish","type":"page","link":"https:\/\/wp.taunus-schule.de\/?page_id=72","title":{"rendered":"Frau D\u00f6rner als Konrektorin begr\u00fc\u00dft"},"content":{"rendered":"<p><strong>Neue Konrektorin offiziell begr\u00fc\u00dft<\/strong><\/p>\n<p>Doris D\u00f6rner verst\u00e4rkt Taunus-Schule<\/p>\n<p>NAST\u00c4TTEN. Die Taunus- Schule Nast\u00e4tten, Schule mit dem F\u00f6rderschwerpunkt Lernen, hat nun ganz offiziell eine Konrektorin als st\u00e4ndige Vertreterin des Schulleiters. Die Sonderschullehrerin Doris D\u00f6rner erhielt k\u00fcrzlich die Ernennungsurkunde des Pr\u00e4sidenten der Aufsichts- und Dienstleistungsdirektion Trier durch Rektor Friedhelm Graef ausgeh\u00e4ndigt.<\/p>\n<p>Doris D\u00f6rner studierte nach dem Abitur zun\u00e4chst P\u00e4dagogik an der Erziehungswissenschaftlichen Hochschule in Koblenz, anschlie\u00dfend vier Semester im Fachbereich Sonderp\u00e4dagogik der Universit\u00e4t in Mainz mit den Fachrichtungen Lern- und Geistigenbehindertenp\u00e4dagogik.<\/p>\n<p>Ihre Referendarzeit absolvierte sie an der Schule f\u00fcr Lernbehinderte Diez und an der Sonderschule in Singhofen. Nach Zwischenstationen an Sonderschulen in H\u00f6hr- Grenzhausen und Siershahn wechselte sie im September 1987 an die Taunus-Schule Nast\u00e4tten, wo sie sich mit viel Engagement und p\u00e4dagogischem Einf\u00fchlungsverm\u00f6gen f\u00fcr die Belange der ihr anvertrauten Sch\u00fcler eingesetzt hat.<\/p>\n<p>&#8222;Ihre positive Einstellung zur Schule, Ihre Hilfsbereitschaft und Kooperationsf\u00e4higkeit haben dazu gef\u00fchrt, dass Doris D\u00f6rner allerseits anerkannt, gesch\u00e4tzt und akzeptiert wird&#8220;, so Rektor Graef, der der Kollegin jetzt offiziell zur Ernennung gratulierte. Von ihrer langj\u00e4hrigen Erfahrung an der Sonderschule profitieren sowohl Sch\u00fcler als auch Lehrer. Graef: &#8222;Ihre Ruhe und Ausgeglichenheit, aber auch ihr pers\u00f6nlicher Einsatz bewirken eine Vertrauensbasis und Motivationsgrundlage f\u00fcr die schwierige Arbeit an der Schule.&#8220;<\/p>\n<p><a href=\"https:\/\/wp.taunus-schule.de\/wp-content\/uploads\/2014\/07\/Frau_Doerner_als_Konrektorin.jpg\"><img loading=\"lazy\" decoding=\"async\" class=\"alignleft size-medium wp-image-73\" src=\"https:\/\/wp.taunus-schule.de\/wp-content\/uploads\/2014\/07\/Frau_Doerner_als_Konrektorin-266x300.jpg\" alt=\"Frau_Doerner_als_Konrektorin\" width=\"266\" height=\"300\" srcset=\"https:\/\/wp.taunus-schule.de\/wp-content\/uploads\/2014\/07\/Frau_Doerner_als_Konrektorin-266x300.jpg 266w, https:\/\/wp.taunus-schule.de\/wp-content\/uploads\/2014\/07\/Frau_Doerner_als_Konrektorin-100x112.jpg 100w, https:\/\/wp.taunus-schule.de\/wp-content\/uploads\/2014\/07\/Frau_Doerner_als_Konrektorin-150x168.jpg 150w, https:\/\/wp.taunus-schule.de\/wp-content\/uploads\/2014\/07\/Frau_Doerner_als_Konrektorin-200x225.jpg 200w, https:\/\/wp.taunus-schule.de\/wp-content\/uploads\/2014\/07\/Frau_Doerner_als_Konrektorin-300x337.jpg 300w, https:\/\/wp.taunus-schule.de\/wp-content\/uploads\/2014\/07\/Frau_Doerner_als_Konrektorin.jpg 356w\" sizes=\"auto, (max-width: 266px) 100vw, 266px\" \/><\/a><\/p>\n<p>&nbsp;<\/p>\n<p>&nbsp;<\/p>\n<p>&nbsp;<\/p>\n<p>&nbsp;<\/p>\n<p>&nbsp;<\/p>\n<p>&nbsp;<\/p>\n<p>&nbsp;<\/p>\n<p>&nbsp;<\/p>\n<p>&nbsp;<\/p>\n<p><strong>Gratulation f\u00fcr die neue Vertreterin: Rektor Friedhelm Graef<br \/>\nw\u00fcnschte Kollegin Doris D\u00f6rner alles Gute f\u00fcr den Dienst.<\/strong><\/p>\n<p>(Quelle: Rhein-Lahn-Zeitung: 18.02.2002)<\/p>\n","protected":false},"excerpt":{"rendered":"<p>Neue Konrektorin offiziell begr\u00fc\u00dft Doris D\u00f6rner verst\u00e4rkt Taunus-Schule NAST\u00c4TTEN. Die Taunus- Schule Nast\u00e4tten, Schule mit dem F\u00f6rderschwerpunkt Lernen, hat nun ganz offiziell eine Konrektorin als st\u00e4ndige Vertreterin des Schulleiters. Die Sonderschullehrerin Doris D\u00f6rner erhielt k\u00fcrzlich die Ernennungsurkunde des Pr\u00e4sidenten der Aufsichts- und Dienstleistungsdirektion Trier durch Rektor Friedhelm Graef ausgeh\u00e4ndigt. Doris D\u00f6rner studierte nach dem Abitur [&hellip;]<\/p>\n","protected":false},"author":1,"featured_media":0,"parent":47,"menu_order":41,"comment_status":"closed","ping_status":"closed","template":"full-width-page.php","meta":{"footnotes":""},"class_list":["post-72","page","type-page","status-publish","hentry"],"_links":{"self":[{"href":"https:\/\/wp.taunus-schule.de\/index.php?rest_route=\/wp\/v2\/pages\/72","targetHints":{"allow":["GET"]}}],"collection":[{"href":"https:\/\/wp.taunus-schule.de\/index.php?rest_route=\/wp\/v2\/pages"}],"about":[{"href":"https:\/\/wp.taunus-schule.de\/index.php?rest_route=\/wp\/v2\/types\/page"}],"author":[{"embeddable":true,"href":"https:\/\/wp.taunus-schule.de\/index.php?rest_route=\/wp\/v2\/users\/1"}],"replies":[{"embeddable":true,"href":"https:\/\/wp.taunus-schule.de\/index.php?rest_route=%2Fwp%2Fv2%2Fcomments&post=72"}],"version-history":[{"count":1,"href":"https:\/\/wp.taunus-schule.de\/index.php?rest_route=\/wp\/v2\/pages\/72\/revisions"}],"predecessor-version":[{"id":74,"href":"https:\/\/wp.taunus-schule.de\/index.php?rest_route=\/wp\/v2\/pages\/72\/revisions\/74"}],"up":[{"embeddable":true,"href":"https:\/\/wp.taunus-schule.de\/index.php?rest_route=\/wp\/v2\/pages\/47"}],"wp:attachment":[{"href":"https:\/\/wp.taunus-schule.de\/index.php?rest_route=%2Fwp%2Fv2%2Fmedia&parent=72"}],"curies":[{"name":"wp","href":"https:\/\/api.w.org\/{rel}","templated":true}]}}