{"id":93,"date":"2014-07-09T19:10:11","date_gmt":"2014-07-09T19:10:11","guid":{"rendered":"http:\/\/wp.taunus-schule.de\/?page_id=93"},"modified":"2014-07-09T19:10:11","modified_gmt":"2014-07-09T19:10:11","slug":"regionalschulmeisterschaft-schwimmen-am-21-01-2008","status":"publish","type":"page","link":"https:\/\/wp.taunus-schule.de\/?page_id=93","title":{"rendered":"Regionalschulmeisterschaft Schwimmen am 21.01.2008"},"content":{"rendered":"<h1 class=\"heading-1 Stil1\">Taunus-Schule Dritter bei der Regionalschulmeisterschaft Schwimmen<\/h1>\n<p><a href=\"https:\/\/wp.taunus-schule.de\/wp-content\/uploads\/2014\/07\/Schwimmmesiterschaft.jpg\"><img loading=\"lazy\" decoding=\"async\" class=\"alignleft size-full wp-image-94\" src=\"https:\/\/wp.taunus-schule.de\/wp-content\/uploads\/2014\/07\/Schwimmmesiterschaft.jpg\" alt=\"Schwimmmesiterschaft\" width=\"300\" height=\"194\" srcset=\"https:\/\/wp.taunus-schule.de\/wp-content\/uploads\/2014\/07\/Schwimmmesiterschaft.jpg 300w, https:\/\/wp.taunus-schule.de\/wp-content\/uploads\/2014\/07\/Schwimmmesiterschaft-100x64.jpg 100w, https:\/\/wp.taunus-schule.de\/wp-content\/uploads\/2014\/07\/Schwimmmesiterschaft-150x97.jpg 150w, https:\/\/wp.taunus-schule.de\/wp-content\/uploads\/2014\/07\/Schwimmmesiterschaft-200x129.jpg 200w\" sizes=\"auto, (max-width: 300px) 100vw, 300px\" \/><\/a><\/p>\n<p>&nbsp;<\/p>\n<p>&nbsp;<\/p>\n<p>&nbsp;<\/p>\n<p>&nbsp;<\/p>\n<p>&nbsp;<\/p>\n<p>&nbsp;<\/p>\n<p class=\"bodytext\">Nach monatelangem Training war es am Dienstag, den 22.01.2008 nun endlich so weit. 13 Schwimmerinnen und Schwimmer machten sich mit ihren beiden Lehrerinnen Frau Grabowski und Frau Oberst auf den Weg zur Regionalschulmeisterschaft Schwimmen nach Boppard. Ein bisschen aufgeregt waren alle, sogar die Lehrerinnen.<\/p>\n<p class=\"bodytext\">Nach den Einzelwettk\u00e4mpfen, bei denen Pia Helbig den ersten Platz in der Wettkampfklasse 4 der M\u00e4dchen, Rebekka Christodoulopoulus den ersten Platz in der Wettkampfklasse 3 der M\u00e4dchen, Sebastien Schladt den 3.Platz der Wettkampfklasse 3 der Jungen und Sergej Schander den zweiten Platz der Wettkampfklasse 1 der Jungen erzielte, stand Staffelschwimmen auf dem Programm. Dabei mussten vier Jungen und vier M\u00e4dchen jeweils 25m schwimmen. Die Taunus-Schule erzielte bei diesem Mannschaftswettbewerb den 2. Platz. Anschlie\u00dfend mussten insgesamt 8 Sch\u00fclerinnen und Sch\u00fcler acht Minuten lang Kl\u00f6tzchen durch das Wasser transportieren. Bei diesem Ausdauerschwimmen errang die Taunus-Schule den 3. Platz.<\/p>\n<p class=\"bodytext\">Am Ende wurden dann die Gesamtsieger geehrt. Nach einigem Zittern stand fest, die Taunus-Schule wurde von insgesamt acht Schulen Dritter. Ein tolles Ergebnis f\u00fcr einen tollen Tag.<\/p>\n","protected":false},"excerpt":{"rendered":"<p>Taunus-Schule Dritter bei der Regionalschulmeisterschaft Schwimmen &nbsp; &nbsp; &nbsp; &nbsp; &nbsp; &nbsp; Nach monatelangem Training war es am Dienstag, den 22.01.2008 nun endlich so weit. 13 Schwimmerinnen und Schwimmer machten sich mit ihren beiden Lehrerinnen Frau Grabowski und Frau Oberst auf den Weg zur Regionalschulmeisterschaft Schwimmen nach Boppard. Ein bisschen aufgeregt waren alle, sogar die [&hellip;]<\/p>\n","protected":false},"author":1,"featured_media":0,"parent":47,"menu_order":35,"comment_status":"closed","ping_status":"closed","template":"full-width-page.php","meta":{"footnotes":""},"class_list":["post-93","page","type-page","status-publish","hentry"],"_links":{"self":[{"href":"https:\/\/wp.taunus-schule.de\/index.php?rest_route=\/wp\/v2\/pages\/93","targetHints":{"allow":["GET"]}}],"collection":[{"href":"https:\/\/wp.taunus-schule.de\/index.php?rest_route=\/wp\/v2\/pages"}],"about":[{"href":"https:\/\/wp.taunus-schule.de\/index.php?rest_route=\/wp\/v2\/types\/page"}],"author":[{"embeddable":true,"href":"https:\/\/wp.taunus-schule.de\/index.php?rest_route=\/wp\/v2\/users\/1"}],"replies":[{"embeddable":true,"href":"https:\/\/wp.taunus-schule.de\/index.php?rest_route=%2Fwp%2Fv2%2Fcomments&post=93"}],"version-history":[{"count":1,"href":"https:\/\/wp.taunus-schule.de\/index.php?rest_route=\/wp\/v2\/pages\/93\/revisions"}],"predecessor-version":[{"id":95,"href":"https:\/\/wp.taunus-schule.de\/index.php?rest_route=\/wp\/v2\/pages\/93\/revisions\/95"}],"up":[{"embeddable":true,"href":"https:\/\/wp.taunus-schule.de\/index.php?rest_route=\/wp\/v2\/pages\/47"}],"wp:attachment":[{"href":"https:\/\/wp.taunus-schule.de\/index.php?rest_route=%2Fwp%2Fv2%2Fmedia&parent=93"}],"curies":[{"name":"wp","href":"https:\/\/api.w.org\/{rel}","templated":true}]}}